{"id":4210,"date":"2022-06-06T16:46:48","date_gmt":"2022-06-06T16:46:48","guid":{"rendered":"https:\/\/hspstandards.org\/wp\/homepage\/"},"modified":"2023-09-30T16:01:36","modified_gmt":"2023-09-30T16:01:36","slug":"homepage","status":"publish","type":"page","link":"https:\/\/hspstandards.org\/es\/","title":{"rendered":"Inicio"},"content":{"rendered":"<div class=\"uk-width-1-1 header-banner padding remove-top-bottom\">\n    <div class=\"header-banner-img\">\n        <img decoding=\"async\" src=\"https:\/\/hspstandards.org\/app\/uploads\/2022\/11\/Sphere_HSP_Home_Draft_1920x534.jpg\" alt=\"Ilustraci\u00f3n de cuatro personas. Una de ellas est\u00e1 leyendo un libro. Otra de ellas est\u00e1 mirando a la distancia. Otra est\u00e1 sosteniendo lo que podr\u00eda ser un plano y est\u00e1 se\u00f1alando algo. La cuarta persona est\u00e1 escribiendo en un cuaderno.\">\n    <\/div>\n            <h1 class=\"sr-only uk-position-absolute\">Humanitarian Standards Partnership<\/h1>\n    <div class=\"content-wrapper\">\n        <div class=\"current-page\">\n            <span class=\"home-title\"><\/span> \/ Inicio\n        <\/div>\n    <\/div>\n    <\/div>\n\n<div class=\"single-column-text uk-width-1-1 padding remove-top\" >\n  <div class=\"content-wrapper full_width\">\n    <h1 class=\"uk-text-center main-header uk-margin-medium-bottom\"> Cooperaci\u00f3n de Normas Humanitarias <\/h1>\n    <div class=\"richtext-content\">\n            <p style=\"text-align: center;\">La Cooperaci\u00f3n de Normas Humanitarias (HSP) busca mejorar la calidad y rendici\u00f3n de cuentas de la acci\u00f3n humanitaria mediante la promoci\u00f3n de normas humanitarias. La HSP ofrece formaci\u00f3n, herramientas y pol\u00edticas y orientaci\u00f3n pr\u00e1ctica para un enfoque armonizado hacia el trabajo con las normas.<\/p>\n\n    <\/div>\n  <\/div>\n<\/div>\n\n\n<div class=\"uk-width-1-1 listing-block bg--light padding remove-\">\n  <div class=\"content-wrapper\">\n    <h2 class=\"uk-text-center\">Noticias de la red<\/h2>\n        <div uk-grid class=\"uk-child-width-1-3@m uk-grid-match columns-3\">\n                                    <div class=\"signpost-scroll\" id=\"curso-basico-legs-actualizado-y-mejorado\">\n\t<div\n\t\tclass=\"uk-card uk-card-default card\">\n\t\t\t\t<div class=\"uk-card-body\">\n\t\t\t\t\t\t\t<div class=\"image--wrapper\">\n\t\t\t\t\t<img decoding=\"async\" src=\"https:\/\/hspstandards.org\/app\/uploads\/2022\/07\/legsx2.png\">\n\t\t\t\t<\/div>\n\t\t\t\t\t\t<h3 class=\"uk-card-title\" id=\"rm1-5577\">Curso b\u00e1sico LEGS actualizado y mejorado<\/h3>\n\t\t\t<div class=\"summary-wrapper\">\n\t\t\t\tEste curso de capacitaci\u00f3n vital se ha actualizado y ahora est\u00e1 disponible en \u00e1rabe, ingl\u00e9s, franc\u00e9s y espa\u00f1ol.\n\t\t\t<\/div>\n\t\t\t<a id=\"rm-5577\" aria-labelledby=\"rm1-5577 rm-5577\" class=\"button button--simple\" href=\"https:\/\/www.livestock-emergency.net\/forme-a-su-equipo-con-el-nuevo-curso-basico-legs-actualizado-y-mejorado\/\" target=\"_blank\">M\u00e1s informaci\u00f3n<\/a>\n\t\t<\/div>\n\t<\/div>\n<\/div>\n                                                      <div class=\"signpost-scroll\" id=\"ya-en-linea-normas-minimas-de-la-inee-para-la-educacion-edicion-2024\">\n\t<div\n\t\tclass=\"uk-card uk-card-default card\">\n\t\t\t\t<div class=\"uk-card-body\">\n\t\t\t\t\t\t\t<div class=\"image--wrapper\">\n\t\t\t\t\t<img decoding=\"async\" src=\"https:\/\/hspstandards.org\/app\/uploads\/2024\/05\/inee-vertical-50.png\">\n\t\t\t\t<\/div>\n\t\t\t\t\t\t<h3 class=\"uk-card-title\" id=\"rm1-5422\">\u00a1Ya en l\u00ednea! Normas M\u00ednimas de la INEE para la Educaci\u00f3n, Edici\u00f3n 2024<\/h3>\n\t\t\t<div class=\"summary-wrapper\">\n\t\t\t\tEsta tercera edici\u00f3n se ha realizado gracias a la dedicaci\u00f3n de m\u00e1s de 1.600 personas de 35 pa\u00edses, que representan&hellip;\n\t\t\t<\/div>\n\t\t\t<a id=\"rm-5422\" aria-labelledby=\"rm1-5422 rm-5422\" class=\"button button--simple\" href=\"https:\/\/inee.org\/es\/normas-minimas\/edicion-2024\" target=\"_blank\">EXPLORA EL MANUAL INEE<\/a>\n\t\t<\/div>\n\t<\/div>\n<\/div>\n                                                      <div class=\"signpost-scroll\" id=\"las-normas-seads-de-apoyo-a-los-medios-de-subsistencia-relativos-a-cultivos-se-incorporan-a-la-cooperacion-de-las-normas-humanitarias\">\n\t<div\n\t\tclass=\"uk-card uk-card-default card\">\n\t\t\t\t<div class=\"uk-card-body\">\n\t\t\t\t\t\t\t<div class=\"image--wrapper\">\n\t\t\t\t\t<img decoding=\"async\" src=\"https:\/\/hspstandards.org\/app\/uploads\/2022\/11\/SEADS-201x50-1.png\">\n\t\t\t\t<\/div>\n\t\t\t\t\t\t<h3 class=\"uk-card-title\" id=\"rm1-4938\">Las Normas SEADS de apoyo a los medios de subsistencia relativos a cultivos se incorporan a la Cooperaci\u00f3n de las Normas Humanitarias<\/h3>\n\t\t\t<div class=\"summary-wrapper\">\n\t\t\t\tla Cooperaci\u00f3n de las Normas Humanitarias (HSP) acept\u00f3 a SEADS como nuevo miembro en octubre de 2022.\n\t\t\t<\/div>\n\t\t\t<a id=\"rm-4938\" aria-labelledby=\"rm1-4938 rm-4938\" class=\"button button--simple\" href=\"https:\/\/spherestandards.org\/es\/las-normas-seads-de-apoyo-a-los-medios-de-subsistencia-relativos-a-cultivos-se-incorporan-a-la-cooperacion-de-las-normas-humanitarias\/\" target=\"_blank\">Leer m\u00e1s sobre SEADS<\/a>\n\t\t<\/div>\n\t<\/div>\n<\/div>\n                                                      <div class=\"signpost-scroll\" id=\"en-conversacion-con-los-trabajadores-humanitarios-estamos-haciendo-lo-suficiente-para-poner-en-el-centro-a-las-personas-en-crisis\">\n\t<div\n\t\tclass=\"uk-card uk-card-default card\">\n\t\t\t\t<div class=\"uk-card-body\">\n\t\t\t\t\t\t\t<div class=\"image--wrapper\">\n\t\t\t\t\t<img decoding=\"async\" src=\"https:\/\/hspstandards.org\/app\/uploads\/2022\/07\/calp50.png\">\n\t\t\t\t<\/div>\n\t\t\t\t\t\t<h3 class=\"uk-card-title\" id=\"rm1-4937\">Todo sobre los PTM: explicaci\u00f3n de los programas de transferencias monetarias<\/h3>\n\t\t\t<div class=\"summary-wrapper\">\n\t\t\t\tRespuestas a todas sus preguntas sobre los programas de transferencias monetarias.\n\t\t\t<\/div>\n\t\t\t<a id=\"rm-4937\" aria-labelledby=\"rm1-4937 rm-4937\" class=\"button button--simple\" href=\"https:\/\/www.calpnetwork.org\/es\/cash-and-voucher-assistance\/\" target=\"_blank\">Reforzar sus conocimientos sobre PTM<\/a>\n\t\t<\/div>\n\t<\/div>\n<\/div>\n                                                      <div class=\"signpost-scroll\" id=\"cpms-news-es\">\n\t<div\n\t\tclass=\"uk-card uk-card-default card\">\n\t\t\t\t<div class=\"uk-card-body\">\n\t\t\t\t\t\t\t<div class=\"image--wrapper\">\n\t\t\t\t\t<img decoding=\"async\" src=\"https:\/\/hspstandards.org\/app\/uploads\/2022\/08\/Sphere-HSP_CPMS-existing-new.png\">\n\t\t\t\t<\/div>\n\t\t\t\t\t\t<h3 class=\"uk-card-title\" id=\"rm1-4936\">\u00bfC\u00f3mo aplica su organizaci\u00f3n las Normas M\u00ednimas de Protecci\u00f3n de la Ni\u00f1ez?<\/h3>\n\t\t\t<div class=\"summary-wrapper\">\n\t\t\t\tHasta el 29 de octubre, los miembros de la Alianza para la Protecci\u00f3n de la Ni\u00f1ez pueden evaluar hasta qu\u00e9&hellip;\n\t\t\t<\/div>\n\t\t\t<a id=\"rm-4936\" aria-labelledby=\"rm1-4936 rm-4936\" class=\"button button--simple\" href=\"https:\/\/alliancecpha.org\/es\/cpms-self-assessment-exercise\" target=\"_blank\">Descubra m\u00e1s y participe en el ejercicio<\/a>\n\t\t<\/div>\n\t<\/div>\n<\/div>\n                                                      <div class=\"signpost-scroll\" id=\"tvoya-opora-es-nombrado-punto-focal-de-esfera-para-ucrania\">\n\t<div\n\t\tclass=\"uk-card uk-card-default card\">\n\t\t\t\t<div class=\"uk-card-body\">\n\t\t\t\t\t\t\t<div class=\"image--wrapper\">\n\t\t\t\t\t<img decoding=\"async\" src=\"https:\/\/hspstandards.org\/app\/uploads\/2022\/09\/Sphere_Logo_Full-colour_RGB.png\">\n\t\t\t\t<\/div>\n\t\t\t\t\t\t<h3 class=\"uk-card-title\" id=\"rm1-4920\">Implementaci\u00f3n de las normas Esfera para la salud en Colombia<\/h3>\n\t\t\t<div class=\"summary-wrapper\">\n\t\t\t\tConozca c\u00f3mo el Manual Esfera es utilizado por el Gobierno de Colombia para generar pol\u00edticas p\u00fablicas de salud inclusiva.\n\t\t\t<\/div>\n\t\t\t<a id=\"rm-4920\" aria-labelledby=\"rm1-4920 rm-4920\" class=\"button button--simple\" href=\"https:\/\/spherestandards.org\/es\/implementacion-de-las-normas-esfera-para-la-salud-en-colombia\/\" target=\"_blank\">Vea el v\u00eddeo de Alejandro<\/a>\n\t\t<\/div>\n\t<\/div>\n<\/div>\n                            <\/div>\n  <\/div>\n<\/div>","protected":false},"excerpt":{"rendered":"","protected":false},"author":1,"featured_media":0,"parent":0,"menu_order":0,"comment_status":"closed","ping_status":"closed","template":"","meta":{"_acf_changed":false,"footnotes":""},"class_list":["post-4210","page","type-page","status-publish","hentry"],"acf":[],"_links":{"self":[{"href":"https:\/\/hspstandards.org\/es\/wp-json\/wp\/v2\/pages\/4210","targetHints":{"allow":["GET"]}}],"collection":[{"href":"https:\/\/hspstandards.org\/es\/wp-json\/wp\/v2\/pages"}],"about":[{"href":"https:\/\/hspstandards.org\/es\/wp-json\/wp\/v2\/types\/page"}],"author":[{"embeddable":true,"href":"https:\/\/hspstandards.org\/es\/wp-json\/wp\/v2\/users\/1"}],"replies":[{"embeddable":true,"href":"https:\/\/hspstandards.org\/es\/wp-json\/wp\/v2\/comments?post=4210"}],"version-history":[{"count":5,"href":"https:\/\/hspstandards.org\/es\/wp-json\/wp\/v2\/pages\/4210\/revisions"}],"predecessor-version":[{"id":5050,"href":"https:\/\/hspstandards.org\/es\/wp-json\/wp\/v2\/pages\/4210\/revisions\/5050"}],"wp:attachment":[{"href":"https:\/\/hspstandards.org\/es\/wp-json\/wp\/v2\/media?parent=4210"}],"curies":[{"name":"wp","href":"https:\/\/api.w.org\/{rel}","templated":true}]}}