{"id":4216,"date":"2022-10-20T06:47:58","date_gmt":"2022-10-20T06:47:58","guid":{"rendered":"https:\/\/hspstandards.org\/wp\/accessibility\/"},"modified":"2023-06-25T15:38:30","modified_gmt":"2023-06-25T15:38:30","slug":"accesibilidad","status":"publish","type":"page","link":"https:\/\/hspstandards.org\/es\/accesibilidad\/","title":{"rendered":"Accesibilidad"},"content":{"rendered":"<div class=\"uk-width-1-1 header-banner padding remove-top-bottom\">\n    <div class=\"header-banner-img\">\n        <img decoding=\"async\" src=\"https:\/\/hspstandards.org\/app\/uploads\/2022\/11\/Sphere_Accessibility_1920x534.jpg\" alt=\"An illustration of four people. They have a desktop PC, a laptop, a phone and a tablet. One is wearing headphones.\">\n    <\/div>\n            <h1 class=\"sr-only uk-position-absolute\">Humanitarian Standards Partnership<\/h1>\n    <div class=\"content-wrapper\">\n        <div class=\"current-page\">\n            <span class=\"home-title\"><\/span> \/ Accesibilidad\n        <\/div>\n    <\/div>\n    <\/div>\n\n<div class=\"single-column-text uk-width-1-1 padding remove-bottom\" >\n  <div class=\"content-wrapper standard\">\n    <h1 class=\"uk-text-center main-header uk-margin-medium-bottom\"> Declaraci\u00f3n de accesibilidad del sitio web <\/h1>\n    <div class=\"richtext-content\">\n            <p>Una de las convicciones clave de Esfera es que la inclusi\u00f3n y la participaci\u00f3n de las personas afectadas por crisis son fundamentales para vivir con dignidad; y que, para que todas las personas tengan la oportunidad de participar, los documentos, las herramientas y los servicios (incluidos aquellos prestados por Esfera) deben ser accesibles.<\/p>\n<p>Durante m\u00e1s de 20 a\u00f1os, Esfera ha realizado importantes esfuerzos por garantizar que nuestros productos y servicios sean accesibles: es decir, que est\u00e9n disponibles gratuitamente y adem\u00e1s sean f\u00e1ciles de usar y comprender para todas las personas. (Lea m\u00e1s aqu\u00ed:\u00a0<a href=\"https:\/\/spherestandards.org\/es\/esfera-da-un-paso-significativo-hacia-la-accesibilidad\/\" target=\"_blank\" rel=\"noopener\"><strong>Esfera da un paso significativo hacia la accesibilidad<\/strong><\/a>)<\/p>\n<p>En todo el mundo, el 15% de la poblaci\u00f3n mundial (aproximadamente 1,3 mil millones de personas) vive con alg\u00fan tipo de discapacidad.<\/p>\n<p><a href=\"https:\/\/www.w3.org\/WAI\/standards-guidelines\/wcag\/es\" target=\"_blank\" rel=\"noopener\"><strong>Las Pautas de Accesibilidad para el Contenido Web<\/strong><\/a>\u00a0(WCAG) fueron creadas por el <a href=\"https:\/\/www.w3.org\/\" target=\"_blank\" rel=\"noopener\"><strong>W3C<\/strong><\/a>\u00a0para facilitar una mayor accesibilidad y usabilidad de la tecnolog\u00eda (incluidos los contenidos en l\u00ednea) por parte de personas con discapacidades. Esfera hace lo posible por alcanzar la conformidad con el\u00a0<a href=\"https:\/\/www.w3.org\/WAI\/standards-guidelines\/wcag\/glance\/es\" target=\"_blank\" rel=\"noopener\"><strong>nivel AAA de WCAG 2.1<\/strong><\/a>, el nivel m\u00e1s alto.<\/p>\n<p>Durante 2022, Esfera trabaj\u00f3 estrechamente con BarrierBreak (<a href=\"http:\/\/www.barrierbreak.com\/\" target=\"_blank\" rel=\"noopener\"><strong>www.barrierbreak.com<\/strong><\/a>), una empresa externa de auditor\u00eda de accesibilidad, en el dise\u00f1o y la construcci\u00f3n del sitio web de la Cooperaci\u00f3n de Normas Humanitarias (HSP). Si bien desde Esfera no podemos garantizar que el sitio web sea accesible para personas con todo tipo, grado o combinaciones de discapacidad, s\u00ed hemos podido solucionar casi todos los problemas que surgieron durante la auditor\u00eda previa al lanzamiento y nos comprometemos a mantener un alto nivel de accesibilidad a medida que actualicemos y desarrollemos el sitio web en el futuro.<\/p>\n<p>El sitio web de la HSP incluye numerosos enlaces a sitios web socios de la HSP. Esfera no puede garantizar la accesibilidad de estos sitios de socios, pero nuestra trayectoria de inclusi\u00f3n de las personas con discapacidad es un proceso continuo, y parte de \u00e9l consiste en asistir a nuestros socios, incluidos aquellos que forman parte de la HSP, para que proporcionen plataformas y contenido accesibles.<\/p>\n<p>Si este sitio o cualquier parte del sitio no es lo suficientemente accesible para usted, comun\u00edquenoslo enviando un mensaje a\u00a0<a href=\"mailto:accessibility@spherestandards.org\"><strong>accessibility@spherestandards.org<\/strong><\/a>.<\/p>\n<p>\u00daltima actualizaci\u00f3n: octubre de 2022<\/p>\n\n    <\/div>\n  <\/div>\n<\/div>\n","protected":false},"excerpt":{"rendered":"","protected":false},"author":4,"featured_media":0,"parent":0,"menu_order":0,"comment_status":"closed","ping_status":"closed","template":"","meta":{"_acf_changed":false,"footnotes":""},"class_list":["post-4216","page","type-page","status-publish","hentry"],"acf":[],"_links":{"self":[{"href":"https:\/\/hspstandards.org\/es\/wp-json\/wp\/v2\/pages\/4216","targetHints":{"allow":["GET"]}}],"collection":[{"href":"https:\/\/hspstandards.org\/es\/wp-json\/wp\/v2\/pages"}],"about":[{"href":"https:\/\/hspstandards.org\/es\/wp-json\/wp\/v2\/types\/page"}],"author":[{"embeddable":true,"href":"https:\/\/hspstandards.org\/es\/wp-json\/wp\/v2\/users\/4"}],"replies":[{"embeddable":true,"href":"https:\/\/hspstandards.org\/es\/wp-json\/wp\/v2\/comments?post=4216"}],"version-history":[{"count":3,"href":"https:\/\/hspstandards.org\/es\/wp-json\/wp\/v2\/pages\/4216\/revisions"}],"predecessor-version":[{"id":4220,"href":"https:\/\/hspstandards.org\/es\/wp-json\/wp\/v2\/pages\/4216\/revisions\/4220"}],"wp:attachment":[{"href":"https:\/\/hspstandards.org\/es\/wp-json\/wp\/v2\/media?parent=4216"}],"curies":[{"name":"wp","href":"https:\/\/api.w.org\/{rel}","templated":true}]}}