{"id":4398,"date":"2022-08-17T09:40:25","date_gmt":"2022-08-17T09:40:25","guid":{"rendered":"https:\/\/hspstandards.org\/wp\/foundations-2\/"},"modified":"2024-04-07T18:31:10","modified_gmt":"2024-04-07T18:31:10","slug":"fundamentos","status":"publish","type":"page","link":"https:\/\/hspstandards.org\/es\/fundamentos\/","title":{"rendered":"Fundamentos"},"content":{"rendered":"<div class=\"uk-width-1-1 header-banner padding remove-top-bottom\">\n    <div class=\"header-banner-img\">\n        <img decoding=\"async\" src=\"https:\/\/hspstandards.org\/app\/uploads\/2022\/07\/foundations-hero1920.jpg\" alt=\"Ilustraci\u00f3n de cinco personas. A la izquierda un ni\u00f1o o ni\u00f1a est\u00e1 leyendo un libro. A la derecha, una persona est\u00e1 mostrando a las dos personas adultas en el centro una imagen de una balanza tradicional que representa la justicia. Una de las personas adultas est\u00e1 consultando unos documentos, y la otra persona adulta est\u00e1 sosteniendo a un beb\u00e9.\">\n    <\/div>\n            <h1 class=\"sr-only uk-position-absolute\">Humanitarian Standards Partnership<\/h1>\n    <div class=\"content-wrapper\">\n        <div class=\"current-page\">\n            <span class=\"home-title\"><\/span> \/ Fundamentos\n        <\/div>\n    <\/div>\n    <\/div>\n\n<div class=\"single-column-text uk-width-1-1 padding remove-top\" >\n  <div class=\"content-wrapper full_width\">\n    <h1 class=\"uk-text-center main-header uk-margin-medium-bottom\"> Fundamentos <\/h1>\n    <div class=\"richtext-content\">\n            <p>Una fortaleza clave de la Cooperaci\u00f3n de Normas Humanitarias (HSP) es la coherencia del\u00a0<a href=\"https:\/\/hspstandards.org\/wp\/es\/fundamentos\/#section-1\"><strong>enfoque<\/strong><\/a>,\u00a0<a href=\"https:\/\/hspstandards.org\/wp\/es\/fundamentos\/#section-2\"><strong>la estructura<\/strong><\/a>\u00a0y\u00a0<a href=\"https:\/\/hspstandards.org\/wp\/es\/fundamentos\/#section-3\"><strong>los fundamentos<\/strong><\/a>\u00a0en todos los manuales.<\/p>\n\n    <\/div>\n  <\/div>\n<\/div>\n\n\n<div class=\"single-column-text uk-width-1-1 padding remove-bottom\" id=\"section-1\">\n  <div class=\"content-wrapper full_width\">\n    <h1 class=\"uk-text-center main-header uk-margin-medium-bottom\">  <\/h1>\n    <div class=\"richtext-content\">\n          <h2 class=\"section-header\"> Enfoque basado en derechos <\/h2>\n            <p>Todas las normas HSP est\u00e1n basadas en instrumentos jur\u00eddicos internacionales relativos a los derechos humanos, los refugiados y la acci\u00f3n humanitaria. Cada norma es una expresi\u00f3n de un derecho humano, y define unos niveles m\u00ednimos para una vida digna.<\/p>\n<p>El Manual Esfera incluye una lista anotada de los instrumentos legales m\u00e1s pertinentes para Esfera:\u00a0<a href=\"https:\/\/handbook.hspstandards.org\/en\/sphere\/#ch010_002\"><strong>Anexo 1:<\/strong><\/a><a href=\"https:\/\/handbook.hspstandards.org\/es\/sphere\/#ch010_002\"><strong> Fundamentos jur\u00eddicos de Esfera<\/strong><\/a>.<\/p>\n\n    <\/div>\n  <\/div>\n<\/div>\n\n\n<div class=\"uk-width-1-1 content-grid bg--light padding remove-top-bottom\" id=\"section-2\">\n    <div class=\"content-wrapper\">\n                <div class=\"content mobile-row-collapse\">\n            <div tabindex=\"0\" class=\"content-content__field\">\n                <h2><strong>Estructura de una norma<\/strong><\/h2>\n<p>Las normas se presentan en un formato similar en todos los manuales.<\/p>\n<p><img loading=\"lazy\" decoding=\"async\" class=\"alignnone wp-image-1122 size-full\" src=\"https:\/\/hpstandards.dev.preview.direct\/app\/uploads\/2022\/07\/Sphere_HSP_Foundations_Example_Draft_1-scaled.jpg\" alt=\"An illustration of three people. An adult, probably female, is cooking while a child pulls at her robe. Behind a curtain, a person, probably male, lies in bed reading a book. There is a teddy bear on the top bunk. This illustration is supposed to represent Sphere Shelter and settlement standard 3: Living Space.\" width=\"2560\" height=\"1043\" srcset=\"https:\/\/hspstandards.org\/app\/uploads\/2022\/07\/Sphere_HSP_Foundations_Example_Draft_1-scaled.jpg 2560w, https:\/\/hspstandards.org\/app\/uploads\/2022\/07\/Sphere_HSP_Foundations_Example_Draft_1-300x122.jpg 300w, https:\/\/hspstandards.org\/app\/uploads\/2022\/07\/Sphere_HSP_Foundations_Example_Draft_1-1024x417.jpg 1024w, https:\/\/hspstandards.org\/app\/uploads\/2022\/07\/Sphere_HSP_Foundations_Example_Draft_1-768x313.jpg 768w, https:\/\/hspstandards.org\/app\/uploads\/2022\/07\/Sphere_HSP_Foundations_Example_Draft_1-1536x626.jpg 1536w, https:\/\/hspstandards.org\/app\/uploads\/2022\/07\/Sphere_HSP_Foundations_Example_Draft_1-2048x835.jpg 2048w\" sizes=\"auto, (max-width: 2560px) 100vw, 2560px\" \/><\/p>\n\n            <\/div>\n                            <div class=\"uk-child-1-1 uk-child-width-1-2@s uk-grid-column-collapse uk-grid-match uk-grid-row-collapse@s\" uk-grid>\n                    <div class=\"content-left__card\">\n                        <div tabindex=\"0\" class=\"uk-card uk-card-default uk-card-body\" style=\"background-color: #eaecee\">\n                         <p>La <strong>norma en s\u00ed es cualitativa<\/strong>\u00a0y establece los niveles m\u00ednimos que deben alcanzarse para una vida digna. Est\u00e1 basada en derechos humanos y es\u00a0<em>aplicable en todos los contextos.<\/em><\/p>\n\n                        <\/div>\n                    <\/div>\n                                        <div class=\"content-right__card\">\n                        <div tabindex=\"0\" class=\"uk-card uk-card-default uk-card-body\" style=\"background-color: #faf4e5\">\n                        <h4><strong>Esfera, Norma 3 de Alojamiento y asentamiento: Espacio habitable<\/strong><\/h4>\n<p>Las personas tienen acceso a espacios habitables seguros y adecuados, que permiten desarrollar con dignidad las actividades dom\u00e9sticas esenciales y los medios de vida.<\/p>\n\n                        <\/div>\n                    <\/div>\n                                    <\/div>\n                            <div class=\"uk-child-1-1 uk-child-width-1-2@s uk-grid-column-collapse uk-grid-match uk-grid-row-collapse@s\" uk-grid>\n                    <div class=\"content-left__card\">\n                        <div tabindex=\"0\" class=\"uk-card uk-card-default uk-card-body\" style=\"background-color: #eaecee\">\n                         <p>Las <strong>acciones <\/strong>describen medidas pr\u00e1cticas para cumplir con la norma. Son sugerencias y pueden no ser aplicables en todos los contextos. El profesional humanitario deber\u00e1 seleccionar las m\u00e1s pertinentes para la situaci\u00f3n.<\/p>\n\n                        <\/div>\n                    <\/div>\n                                        <div class=\"content-right__card\">\n                        <div tabindex=\"0\" class=\"uk-card uk-card-default uk-card-body\" style=\"background-color: #faf4e5\">\n                        <p>Verificar que cada hogar afectado tenga un espacio habitable adecuado donde desarrollar sus actividades dom\u00e9sticas b\u00e1sicas.<\/p>\n\n                        <\/div>\n                    <\/div>\n                                    <\/div>\n                            <div class=\"uk-child-1-1 uk-child-width-1-2@s uk-grid-column-collapse uk-grid-match uk-grid-row-collapse@s\" uk-grid>\n                    <div class=\"content-left__card\">\n                        <div tabindex=\"0\" class=\"uk-card uk-card-default uk-card-body\" style=\"background-color: #eaecee\">\n                         <p>Los <strong>indicadores<\/strong>\u00a0son par\u00e1metros sugeridos para medir el progreso hacia la consecuci\u00f3n de la norma. El profesional humanitario deber\u00e1 seleccionar un grupo de indicadores para cada programa.<\/p>\n\n                        <\/div>\n                    <\/div>\n                                        <div class=\"content-right__card\">\n                        <div tabindex=\"0\" class=\"uk-card uk-card-default uk-card-body\" style=\"background-color: #faf4e5\">\n                        <p>Porcentaje de la poblaci\u00f3n afectada que tiene un espacio habitable adecuado, dentro y en las inmediaciones de sus alojamientos, para desarrollar sus actividades cotidianas<\/p>\n\n                        <\/div>\n                    <\/div>\n                                    <\/div>\n                            <div class=\"uk-child-1-1 uk-child-width-1-2@s uk-grid-column-collapse uk-grid-match uk-grid-row-collapse@s\" uk-grid>\n                    <div class=\"content-left__card\">\n                        <div tabindex=\"0\" class=\"uk-card uk-card-default uk-card-body\" style=\"background-color: #eaecee\">\n                         <p>Algunos indicadores incluyen descripciones cuantitativas de lo que es \u201cadecuado\u201d. Si bien <em>estos deben considerarse<\/em>\u00a0en su contexto, esto debe hacerse con cuidado. Estos valores num\u00e9ricos podr\u00edan conocerse como <strong>objetivos<\/strong>.<\/p>\n\n                        <\/div>\n                    <\/div>\n                                        <div class=\"content-right__card\">\n                        <div tabindex=\"0\" class=\"uk-card uk-card-default uk-card-body\" style=\"background-color: #faf4e5\">\n                        <p>M\u00ednimo 3,5 metros cuadrados de espacio habitable por persona, sin contar el espacio para cocinar, la zona de ba\u00f1o y las instalaciones de saneamiento.<\/p>\n\n                        <\/div>\n                    <\/div>\n                                    <\/div>\n                            <div class=\"uk-child-1-1 uk-child-width-1-2@s uk-grid-column-collapse uk-grid-match uk-grid-row-collapse@s\" uk-grid>\n                    <div class=\"content-left__card\">\n                        <div tabindex=\"0\" class=\"uk-card uk-card-default uk-card-body\" style=\"background-color: #eaecee\">\n                         <p><strong>Las notas de orientaci\u00f3n <\/strong>aportan informaci\u00f3n adicional para respaldar las acciones clave.<\/p>\n\n                        <\/div>\n                    <\/div>\n                                        <div class=\"content-right__card\">\n                        <div tabindex=\"0\" class=\"uk-card uk-card-default uk-card-body\" style=\"background-color: #faf4e5\">\n                        <p>Respetar las pr\u00e1cticas y costumbres existentes, y c\u00f3mo afectan a la necesidad de incluir separaciones interiores (cortinas, paredes).<\/p>\n\n                        <\/div>\n                    <\/div>\n                                    <\/div>\n                    <\/div>\n                     <\/div>\n<\/div>\n\n\n\n\n\n<div class=\"uk-width-1-1 card-image-and-content bg--light padding remove-top-bottom\">\n    <div class=\"content-wrapper\">\n                <div tabindex=\"0\" class=\"richtext-content\">\n            <p>Es importante no confundir las normas con los objetivos. En el ejemplo de arriba, no es apropiado simplemente tratar de conseguir un objetivo de 3,5 metros cuadrados de espacio habitable por persona, ya que eso asume que todo el mundo tiene las mismas necesidades.<\/p>\n<p>Siempre ha de tratarse de alcanzar la norma en s\u00ed (en este caso, proporcionar a todas las personas espacios habitables seguros y adecuados) porque todas las personas tienen igualdad de derechos. Es fundamental reconocer que lo que es adecuado para una persona podr\u00eda no ser lo mismo que lo que es adecuado para su vecino o vecina.<\/p>\n\n        <\/div>\n        <div uk-grid class=\"uk-grid uk-child-width-1-1: One@m uk-grid-match columns-1: One\">\n                                <div class=\"uk-visible@s\">\n        <div class=\"uk-card uk-card-default card uk-grid-collapse uk-grid-column-large uk-child-width-1-2\" uk-grid>\n            <div class=\"image-section\">\n                <div class=\"uk-card-media-left uk-cover-container\" style=\"background-image: url('https:\/\/hspstandards.org\/app\/uploads\/2022\/07\/standards-vs-targets-padded.png')\">\n                                <\/div>\n            <\/div>\n            <div class=\"text-section\">\n              <div class=\"uk-card-body\">\n                                <div tabindex=\"0\" class=\"richtext-content\">\n                    <p>La actividad de <a href=\"https:\/\/www.spherestandards.org\/resources\/standards-vs-targets-activity\/\"><strong>Normas vs. Objetivos<\/strong><\/a>\u00a0apoya una actividad interactiva para talleres o cursos que puede adaptarse f\u00e1cilmente al aprendizaje presencial o en l\u00ednea. El objetivo del aprendizaje es que las personas participantes en el curso comprendan plenamente la diferencia entre normas y objetivos.<\/p>\n\n                <\/div>\n              <\/div>\n            <\/div>\n        <\/div>\n    <\/div>\n    <div class=\"mobile uk-hidden@s\">\n        <div class=\"uk-card uk-card-default card\">\n            <div class=\"uk-card-media-top\" style=\"background-image: url('https:\/\/hspstandards.org\/app\/uploads\/2022\/07\/standards-vs-targets-padded.png')\">\n                        <\/div>\n            <div class=\"uk-card-body\">\n                        <div tabindex=\"0\" class=\"richtext-content\">\n                <p>La actividad de <a href=\"https:\/\/www.spherestandards.org\/resources\/standards-vs-targets-activity\/\"><strong>Normas vs. Objetivos<\/strong><\/a>\u00a0apoya una actividad interactiva para talleres o cursos que puede adaptarse f\u00e1cilmente al aprendizaje presencial o en l\u00ednea. El objetivo del aprendizaje es que las personas participantes en el curso comprendan plenamente la diferencia entre normas y objetivos.<\/p>\n\n            <\/div>\n            <\/div>\n        <\/div>\n    <\/div>\n\n                    <\/div>\n    <\/div>\n<\/div>\n\n<div class=\"single-column-text uk-width-1-1 padding remove-bottom\" id=\"section-3\">\n  <div class=\"content-wrapper standard\">\n    <h1 class=\"uk-text-center main-header uk-margin-medium-bottom\">  <\/h1>\n    <div class=\"richtext-content\">\n          <h2 class=\"section-header\"> Cap\u00edtulos esenciales comunes <\/h2>\n            <p>Los Manuales HSP creados o revisados desde 2015 (cuando la Norma Humanitaria Esencial, CHS, se public\u00f3 por primera vez) est\u00e1n firmemente basados en la Carta Humanitaria, los Principios de protecci\u00f3n y la CHS. Estos cap\u00edtulos aparecen \u00fanicamente en el Manual Esfera, pero forman los fundamentos comunes de todos los manuales HSP.<\/p>\n\n    <\/div>\n  <\/div>\n<\/div>\n\n\n\n\n<div class=\"uk-width-1-1 headshot-strip padding remove-top-bottom\"  id=\"section-4\" >\n\t<div class=\"content-wrapper \">\n\t\t\t\t\t<div>\n\t\t\t\t<h3>\n\t\t\t\t\tLa Carta Humanitaria\n\t\t\t\t<\/h3>\n\t\t\t<\/div>\n\t\t\t\t\t\t\t<div class=\"richtext-content\">\n\t\t\t\t<p>Redactada por profesionales del sector en 1997 y actualizada en 2011, la Carta expresa un compromiso con la acci\u00f3n humanitaria y la dota de un marco \u00e9tico y jur\u00eddico.<\/p>\n\n\t\t\t<\/div>\n\t\t\t\t<div uk-grid=\"masonry: true\" class=\"uk-grid uk-child-width-1-2@s uk-child-width-1-3@m uk-grid-match\">\n\t\t\t\t\t\t\t\t<div class=\"headshot-cards \" >\n\t\t<div class=\"uk-card uk-card-default card bg--light\">\n\t\t\t\t\t\t<div class=\"uk-card-body\">\n\t\t\t\t<ul class=\"icon-tab uk-grid uk-grid-small\" uk-grid>\n\t\t\t\t\t\t\t\t\t\t\t<li>\n\t\t\t\t\t\t\t<img style=\"height: 35px; width: auto;\" src=https:\/\/hspstandards.org\/app\/uploads\/2022\/07\/humanitarian.svg alt=\"Humanitarian Charter icon (purple)\">\n\t\t\t\t\t\t<\/li>\n\t\t\t\t\t\t\t\t\t<\/ul>\n\t\t\t\t\t\t\t\t<div class=\"richtext-content uk-margin-small-top\">\n\t\t\t\t\t<p><a href=\"https:\/\/handbook.hspstandards.org\/es\/sphere\/#ch003\"><strong>Lea la Carta Humanitaria en l\u00ednea<\/strong><\/a>\u00a0v\u00eda el Manual Interactivo.<\/p>\n\n\t\t\t\t<\/div>\n\t\t\t\t<div class=\"buttons-section\">\n\t\t\t\t\t<div class=\"cta-button\">\n\t\t\t\t\t\t\t\t\t\t\t\t\t\t\t\t\t<\/div>\n\t\t\t\t\t<div class=\"cta-button\">\n\t\t\t\t\t\t\t\t\t\t\t\t\t\t\t\t\t<\/div>\n\t\t\t\t\t<div class=\"cta-button\">\n\t\t\t\t\t\t\t\t\t\t\t\t\t\t\t\t\t<\/div>\n\t\t\t\t<\/div>\n\t\t\t<\/div>\n\t\t<\/div>\n\t<\/div>\n\n\n\t\t\t\t\t\t\t\t<div class=\"headshot-cards \" >\n\t\t<div class=\"uk-card uk-card-default card bg--light\">\n\t\t\t\t\t\t\t<div class=\"uk-card-media-top\">\n\t\t\t\t\t<img decoding=\"async\" src=\"https:\/\/hspstandards.org\/app\/uploads\/2022\/07\/foundations-charter.jpg\" alt=\"An illustration of a humanitarian worker handing out giant pink bunny rabbit costumes to people who are looking cold and miserable. The humanitarian worker is saying \u201cC\u2019mon, it\u2019s better than nothing isn\u2019t it?\u201d.\">\n\n\t\t\t\t<\/div>\n\t\t\t\t\t\t<div class=\"uk-card-body\">\n\t\t\t\t<ul class=\"icon-tab uk-grid uk-grid-small\" uk-grid>\n\t\t\t\t\t\t\t\t\t<\/ul>\n\t\t\t\t\t\t\t\t<div class=\"richtext-content uk-margin-small-top\">\n\t\t\t\t\t<p><a href=\"https:\/\/www.spherestandards.org\/es\/normas-humanitarias\/la-carta-humanitaria\/\"><strong>Lea m\u00e1s acerca de la Carta y descargue la serie de vi\u00f1etas<\/strong><\/a>\u00a0(en formato cartel o tarjeta postal).<\/p>\n\n\t\t\t\t<\/div>\n\t\t\t\t<div class=\"buttons-section\">\n\t\t\t\t\t<div class=\"cta-button\">\n\t\t\t\t\t\t\t\t\t\t\t\t\t\t\t\t\t<\/div>\n\t\t\t\t\t<div class=\"cta-button\">\n\t\t\t\t\t\t\t\t\t\t\t\t\t\t\t\t\t<\/div>\n\t\t\t\t\t<div class=\"cta-button\">\n\t\t\t\t\t\t\t\t\t\t\t\t\t\t\t\t\t<\/div>\n\t\t\t\t<\/div>\n\t\t\t<\/div>\n\t\t<\/div>\n\t<\/div>\n\n\n\t\t\t\t\t<\/div>\n\t<\/div>\n<\/div>\n\n\n\t\t\n\n<div class=\"uk-width-1-1 content-grid bg--light padding remove-top-bottom\" id=\"section-5\">\n    <div class=\"content-wrapper\">\n                        <div class=\"content\">\n            <div tabindex=\"0\" class=\"content-content__field\">\n                <h3><strong>Principios de protecci\u00f3n<\/strong><\/h3>\n<p>Cuatro Principios de protecci\u00f3n son aplicables\u00a0a toda acci\u00f3n humanitaria y a todo actor humanitario:<\/p>\n\n            <\/div>\n            <div class=\"uk-grid\" uk-grid>\n                                <div class=\"content-card uk-width-1-1 uk-width-1-2@s uk-width-1-3@m\">\n                    <div tabindex=\"0\" class=\"uk-card uk-card-default uk-card-body\" style=\"background-color: #f6f1f5\">\n                        <p>Principio 1) Mejorar la seguridad, la dignidad y los derechos de las personas, y evitar exponerlas a da\u00f1os.<\/p>\n\n                    <\/div>\n                <\/div>\n                                <div class=\"content-card uk-width-1-1 uk-width-1-2@s uk-width-1-3@m\">\n                    <div tabindex=\"0\" class=\"uk-card uk-card-default uk-card-body\" style=\"background-color: #f6f1f5\">\n                        <p>Principio 2) Velar por que las personas tengan acceso a la asistencia de acuerdo con sus necesidades y sin discriminaci\u00f3n.<\/p>\n\n                    <\/div>\n                <\/div>\n                                <div class=\"content-card uk-width-1-1 uk-width-1-2@s uk-width-1-3@m\">\n                    <div tabindex=\"0\" class=\"uk-card uk-card-default uk-card-body\" style=\"background-color: #f6f1f5\">\n                        <p>Principio 3) Ayudar a las personas a recuperarse de los efectos f\u00edsicos y psicol\u00f3gicos de la violencia real o la amenaza de violencia, la coerci\u00f3n o la privaci\u00f3n deliberada.<\/p>\n\n                    <\/div>\n                <\/div>\n                                <div class=\"content-card uk-width-1-1 uk-width-1-2@s uk-width-1-3@m\">\n                    <div tabindex=\"0\" class=\"uk-card uk-card-default uk-card-body\" style=\"background-color: #f6f1f5\">\n                        <p>Principio 4) Ayudar a las personas a reivindicar sus derechos.<\/p>\n\n                    <\/div>\n                <\/div>\n                                <div class=\"content-card uk-width-1-1 uk-width-1-2@s uk-width-1-3@m\">\n                    <div tabindex=\"0\" class=\"uk-card uk-card-default uk-card-body\" style=\"background-color: #ffffff\">\n                        <p><img loading=\"lazy\" decoding=\"async\" class=\"alignnone wp-image-1137\" src=\"https:\/\/hpstandards.dev.preview.direct\/app\/uploads\/2022\/07\/hpstandards-300x300.jpg\" alt=\"\" width=\"50\" height=\"50\" srcset=\"https:\/\/hspstandards.org\/app\/uploads\/2022\/07\/hpstandards-300x300.jpg 300w, https:\/\/hspstandards.org\/app\/uploads\/2022\/07\/hpstandards-150x150.jpg 150w, https:\/\/hspstandards.org\/app\/uploads\/2022\/07\/hpstandards.jpg 731w\" sizes=\"auto, (max-width: 50px) 100vw, 50px\" \/><\/p>\n<p><a href=\"https:\/\/handbook.hspstandards.org\/es\/sphere\/#ch004\"><strong>Lea los Principios de protecci\u00f3n<\/strong><\/a>\u00a0v\u00eda el Manual Interactivo.<\/p>\n\n                    <\/div>\n                <\/div>\n                            <\/div>\n        <\/div>\n            <\/div>\n<\/div>\n\n\n\n\n\n<div class=\"uk-width-1-1 headshot-strip padding remove-top\"  id=\"section-6\" >\n\t<div class=\"content-wrapper \">\n\t\t\t\t\t<div>\n\t\t\t\t<h3>\n\t\t\t\t\tNorma Humanitaria Esencial (CHS)\n\t\t\t\t<\/h3>\n\t\t\t<\/div>\n\t\t\t\t\t\t\t<div class=\"richtext-content\">\n\t\t\t\t<p>La Norma Humanitaria Esencial en materia de calidad y rendici\u00f3n de cuentas (CHS) recoge nueve compromisos que las organizaciones involucradas en una respuesta humanitaria pueden utilizar para mejorar la calidad y la eficacia de la asistencia que prestan. Tambi\u00e9n facilita una mayor rendici\u00f3n de cuentas hacia las comunidades y las personas afectadas por una crisis humanitaria, el personal, los donantes, los gobiernos y otras partes interesadas.<\/p>\n\n\t\t\t<\/div>\n\t\t\t\t<div uk-grid=\"masonry: true\" class=\"uk-grid uk-child-width-1-2@s uk-child-width-1-3@m uk-grid-match\">\n\t\t\t\t\t\t\t\t<div class=\"headshot-cards \" >\n\t\t<div class=\"uk-card uk-card-default card bg--light\">\n\t\t\t\t\t\t<div class=\"uk-card-body\">\n\t\t\t\t<ul class=\"icon-tab uk-grid uk-grid-small\" uk-grid>\n\t\t\t\t\t\t\t\t\t\t\t<li>\n\t\t\t\t\t\t\t<img style=\"height: 50px; width: auto;\" src=https:\/\/hspstandards.org\/app\/uploads\/2022\/07\/foundations-read-chs-27.svg alt=\"Core Humanitarian Standard icon (purple)\">\n\t\t\t\t\t\t<\/li>\n\t\t\t\t\t\t\t\t\t<\/ul>\n\t\t\t\t\t\t\t\t<div class=\"richtext-content uk-margin-small-top\">\n\t\t\t\t\t<p><a href=\"https:\/\/handbook.hspstandards.org\/es\/sphere\/#ch005\"><strong>Lea la CHS en l\u00ednea<\/strong><\/a>\u00a0v\u00eda el Manual Interactivo.<\/p>\n\n\t\t\t\t<\/div>\n\t\t\t\t<div class=\"buttons-section\">\n\t\t\t\t\t<div class=\"cta-button\">\n\t\t\t\t\t\t\t\t\t\t\t\t\t\t\t\t\t<\/div>\n\t\t\t\t\t<div class=\"cta-button\">\n\t\t\t\t\t\t\t\t\t\t\t\t\t\t\t\t\t<\/div>\n\t\t\t\t\t<div class=\"cta-button\">\n\t\t\t\t\t\t\t\t\t\t\t\t\t\t\t\t\t<\/div>\n\t\t\t\t<\/div>\n\t\t\t<\/div>\n\t\t<\/div>\n\t<\/div>\n\n\n\t\t\t\t\t\t\t\t<div class=\"headshot-cards \" >\n\t\t<div class=\"uk-card uk-card-default card bg--light\">\n\t\t\t\t\t\t<div class=\"uk-card-body\">\n\t\t\t\t<ul class=\"icon-tab uk-grid uk-grid-small\" uk-grid>\n\t\t\t\t\t\t\t\t\t\t\t<li>\n\t\t\t\t\t\t\t<img style=\"height: 275px; width: auto;\" src=https:\/\/hspstandards.org\/app\/uploads\/2024\/04\/ES_CHS_flower_RGB.svg alt=\"\">\n\t\t\t\t\t\t<\/li>\n\t\t\t\t\t\t\t\t\t<\/ul>\n\t\t\t\t\t\t\t\t<div class=\"richtext-content uk-margin-small-top\">\n\t\t\t\t\t<p><a href=\"https:\/\/corehumanitarianstandard.org\/\"><strong>Descubra m\u00e1s acerca de la CHS<\/strong><\/a>\u00a0en el sitio web dedicado.<\/p>\n\n\t\t\t\t<\/div>\n\t\t\t\t<div class=\"buttons-section\">\n\t\t\t\t\t<div class=\"cta-button\">\n\t\t\t\t\t\t\t\t\t\t\t\t\t\t\t\t\t<\/div>\n\t\t\t\t\t<div class=\"cta-button\">\n\t\t\t\t\t\t\t\t\t\t\t\t\t\t\t\t\t<\/div>\n\t\t\t\t\t<div class=\"cta-button\">\n\t\t\t\t\t\t\t\t\t\t\t\t\t\t\t\t\t<\/div>\n\t\t\t\t<\/div>\n\t\t\t<\/div>\n\t\t<\/div>\n\t<\/div>\n\n\n\t\t\t\t\t\t\t\t<div class=\"headshot-cards \" >\n\t\t<div class=\"uk-card uk-card-default card bg--light\">\n\t\t\t\t\t\t<div class=\"uk-card-body\">\n\t\t\t\t<ul class=\"icon-tab uk-grid uk-grid-small\" uk-grid>\n\t\t\t\t\t\t\t\t\t\t\t<li>\n\t\t\t\t\t\t\t<img style=\"height: 50px; width: auto;\" src=https:\/\/hspstandards.org\/app\/uploads\/2022\/07\/sphere50.png alt=\"Sphere logo\">\n\t\t\t\t\t\t<\/li>\n\t\t\t\t\t\t\t\t\t\t\t<li>\n\t\t\t\t\t\t\t<img style=\"height: 50px; width: auto;\" src=https:\/\/hspstandards.org\/app\/uploads\/2022\/07\/chs50.png alt=\"CHS Alliance logo\">\n\t\t\t\t\t\t<\/li>\n\t\t\t\t\t\t\t\t\t\t\t<li>\n\t\t\t\t\t\t\t<img style=\"height: 50px; width: auto;\" src=https:\/\/hspstandards.org\/app\/uploads\/2022\/07\/urd50.png alt=\"Groupe URD logo\">\n\t\t\t\t\t\t<\/li>\n\t\t\t\t\t\t\t\t\t<\/ul>\n\t\t\t\t\t\t\t\t<div class=\"richtext-content uk-margin-small-top\">\n\t\t\t\t\t<p>Obtenga m\u00e1s informaci\u00f3n acerca de los tres custodios de la CHS:\u00a0<a href=\"https:\/\/spherestandards.org\/es\/\"><strong>Esfera<\/strong><\/a>, <a href=\"https:\/\/chsalliance.org\/\"><strong>CHS Alliance<\/strong><\/a> y <a href=\"https:\/\/urd.org\/\"><strong>Groupe URD<\/strong><\/a>.<\/p>\n\n\t\t\t\t<\/div>\n\t\t\t\t<div class=\"buttons-section\">\n\t\t\t\t\t<div class=\"cta-button\">\n\t\t\t\t\t\t\t\t\t\t\t\t\t\t\t\t\t<\/div>\n\t\t\t\t\t<div class=\"cta-button\">\n\t\t\t\t\t\t\t\t\t\t\t\t\t\t\t\t\t<\/div>\n\t\t\t\t\t<div class=\"cta-button\">\n\t\t\t\t\t\t\t\t\t\t\t\t\t\t\t\t\t<\/div>\n\t\t\t\t<\/div>\n\t\t\t<\/div>\n\t\t<\/div>\n\t<\/div>\n\n\n\t\t\t\t\t<\/div>\n\t<\/div>\n<\/div>\n\n\n\t\t\t","protected":false},"excerpt":{"rendered":"","protected":false},"author":1,"featured_media":0,"parent":0,"menu_order":0,"comment_status":"closed","ping_status":"closed","template":"","meta":{"_acf_changed":false,"footnotes":""},"class_list":["post-4398","page","type-page","status-publish","hentry"],"acf":[],"_links":{"self":[{"href":"https:\/\/hspstandards.org\/es\/wp-json\/wp\/v2\/pages\/4398","targetHints":{"allow":["GET"]}}],"collection":[{"href":"https:\/\/hspstandards.org\/es\/wp-json\/wp\/v2\/pages"}],"about":[{"href":"https:\/\/hspstandards.org\/es\/wp-json\/wp\/v2\/types\/page"}],"author":[{"embeddable":true,"href":"https:\/\/hspstandards.org\/es\/wp-json\/wp\/v2\/users\/1"}],"replies":[{"embeddable":true,"href":"https:\/\/hspstandards.org\/es\/wp-json\/wp\/v2\/comments?post=4398"}],"version-history":[{"count":8,"href":"https:\/\/hspstandards.org\/es\/wp-json\/wp\/v2\/pages\/4398\/revisions"}],"predecessor-version":[{"id":5247,"href":"https:\/\/hspstandards.org\/es\/wp-json\/wp\/v2\/pages\/4398\/revisions\/5247"}],"wp:attachment":[{"href":"https:\/\/hspstandards.org\/es\/wp-json\/wp\/v2\/media?parent=4398"}],"curies":[{"name":"wp","href":"https:\/\/api.w.org\/{rel}","templated":true}]}}