{"id":4628,"date":"2022-08-04T06:07:06","date_gmt":"2022-08-04T06:07:06","guid":{"rendered":"https:\/\/hspstandards.org\/wp\/contacts\/"},"modified":"2025-03-01T06:26:22","modified_gmt":"2025-03-01T06:26:22","slug":"contacto","status":"publish","type":"page","link":"https:\/\/hspstandards.org\/es\/contacto\/","title":{"rendered":"Contacto"},"content":{"rendered":"<div class=\"uk-width-1-1 header-banner padding remove-top-bottom\">\n    <div class=\"header-banner-img\">\n        <img decoding=\"async\" src=\"https:\/\/hspstandards.org\/app\/uploads\/2022\/07\/contacts-hero1920.jpg\" alt=\"An illustration of four people. One person appears to be explaining something. Another is wearing a facemask as a reminder of how COVID-19 affected communication channels. A simple horizontal dashed line connects the four people, representing communication channels between them.\">\n    <\/div>\n            <h1 class=\"sr-only uk-position-absolute\">Humanitarian Standards Partnership<\/h1>\n    <div class=\"content-wrapper\">\n        <div class=\"current-page\">\n            <span class=\"home-title\"><\/span> \/ Contacto\n        <\/div>\n    <\/div>\n    <\/div>\n\n<div class=\"single-column-text uk-width-1-1 padding remove-\" id=\"section--2\">\n  <div class=\"content-wrapper standard\">\n    <h1 class=\"uk-text-center main-header uk-margin-medium-bottom\"> Contacto <\/h1>\n    <div class=\"richtext-content\">\n            <p>La Cooperaci\u00f3n de Normas Humanitarias (HSP) est\u00e1 gestionada y auspiciada por Esfera. Para cuestiones generales relativas a la HSP, contacte con\u00a0<a uk-toggle=\"target: #es-sphere-contact-form\">William Anderson<\/a><\/p>\n\n    <\/div>\n  <\/div>\n<\/div>\n\n\n<div class=\"uk-width-1-1 logo-grid bg--light padding remove-top\" id=\"section-1\">\n    <div class=\"uk-width-1-1 content-wrapper\">\n        <h2><\/h2>\n        <div class=\"richtext-content\"> <p>Utilice los siguientes datos para contactar con socios individuales de la HSP.<\/p>\n <\/div>\n        <ul class=\"logo-list uk-grid uk-grid-large\" uk-grid>\n                                    <li class=\"logo-single uk-margin-remove-top\">\n                <a class=\"scroll-url\" href=\"https:\/\/hspstandards.org\/wp\/es\/contacto\/#section-sub-1\">\n                    <img decoding=\"async\" src=\"https:\/\/hspstandards.org\/app\/uploads\/2022\/07\/sphere50.png\" alt=\"Sphere logo\">   \n                <\/a>\n            <\/li>\n                                                <li class=\"logo-single uk-margin-remove-top\">\n                <a class=\"scroll-url\" href=\"https:\/\/hspstandards.org\/wp\/es\/contacto\/#section-sub-2\">\n                    <img decoding=\"async\" src=\"https:\/\/hspstandards.org\/app\/uploads\/2022\/07\/help-age50.png\" alt=\"HelpAge International logo\">   \n                <\/a>\n            <\/li>\n                                                <li class=\"logo-single uk-margin-remove-top\">\n                <a class=\"scroll-url\" href=\"https:\/\/hspstandards.org\/wp\/es\/contacto\/#section-sub-3\">\n                    <img decoding=\"async\" src=\"https:\/\/hspstandards.org\/app\/uploads\/2022\/07\/alliance50.png\" alt=\"The Alliance logo\">   \n                <\/a>\n            <\/li>\n                                                <li class=\"logo-single uk-margin-remove-top\">\n                <a class=\"scroll-url\" href=\"https:\/\/hspstandards.org\/wp\/es\/contacto\/#section-sub-4\">\n                    <img decoding=\"async\" src=\"https:\/\/hspstandards.org\/app\/uploads\/2022\/09\/CALP-Avatar-50.png\" alt=\"CALP Network logo\">   \n                <\/a>\n            <\/li>\n                                                <li class=\"logo-single uk-margin-remove-top\">\n                <a class=\"scroll-url\" href=\"https:\/\/hspstandards.org\/wp\/es\/contacto\/#section-sub-5\">\n                    <img decoding=\"async\" src=\"https:\/\/hspstandards.org\/app\/uploads\/2022\/07\/inee50.png\" alt=\"International Network for Education in Emergencies (INEE) logo\">   \n                <\/a>\n            <\/li>\n                                                <li class=\"logo-single uk-margin-remove-top\">\n                <a class=\"scroll-url\" href=\"https:\/\/hspstandards.org\/wp\/es\/contacto\/#section-sub-6\">\n                    <img decoding=\"async\" src=\"https:\/\/hspstandards.org\/app\/uploads\/2022\/07\/legs50.png\" alt=\"Livestock Emergency Guidelines and Standards (LEGS) logo\">   \n                <\/a>\n            <\/li>\n                                                <li class=\"logo-single uk-margin-remove-top\">\n                <a class=\"scroll-url\" href=\"https:\/\/hspstandards.org\/wp\/es\/contacto\/#section-sub-7\">\n                    <img decoding=\"async\" src=\"https:\/\/hspstandards.org\/app\/uploads\/2022\/11\/SEADS-50x50-1.png\" alt=\"SEADS logo\">   \n                <\/a>\n            <\/li>\n                                                <li class=\"logo-single uk-margin-remove-top\">\n                <a class=\"scroll-url\" href=\"https:\/\/hspstandards.org\/wp\/es\/contacto\/#section-sub-8\">\n                    <img decoding=\"async\" src=\"https:\/\/hspstandards.org\/app\/uploads\/2022\/07\/mers50.png\" alt=\"Minimum Economic Recovery Standards (MERS) logo\">   \n                <\/a>\n            <\/li>\n                                <\/ul>\n    <\/div>\n<\/div>\n\n\n\n\n\n<div class=\"uk-width-1-1 headshot-strip padding remove-top\" >\n\t<div class=\"content-wrapper \">\n\t\t\t\t\t\t<div uk-grid=\"masonry: true\" class=\"uk-grid uk-child-width-1-2@s uk-child-width-1-3@m uk-grid-match\">\n\t\t\t\t\t\t\t\t<div class=\"headshot-cards \"  id=\"section-sub-1\" >\n\t\t<div class=\"uk-card uk-card-default card bg--light\">\n\t\t\t\t\t\t<div class=\"uk-card-body\">\n\t\t\t\t<ul class=\"icon-tab uk-grid uk-grid-small\" uk-grid>\n\t\t\t\t\t\t\t\t\t\t\t<li>\n\t\t\t\t\t\t\t<img style=\"height: 50px; width: auto;\" src=https:\/\/hspstandards.org\/app\/uploads\/2022\/09\/Sphere_Logo_Full-colour_RGB_50-high_clear.png alt=\"Sphere logo (with text)\">\n\t\t\t\t\t\t<\/li>\n\t\t\t\t\t\t\t\t\t<\/ul>\n\t\t\t\t\t\t\t\t\t<h3 class=\"uk-card-title\">Esfera<\/h3>\n\t\t\t\t\t\t\t\t<div class=\"richtext-content uk-margin-small-top\">\n\t\t\t\t\t<p>Contacte con\u00a0<a href=\"https:\/\/www.spherestandards.org\/es\/informacion-de-contacto\/\" target=\"_blank\" rel=\"noopener\"><strong>Esfera<\/strong><\/a>.<\/p>\n\n\t\t\t\t<\/div>\n\t\t\t\t<div class=\"buttons-section\">\n\t\t\t\t\t<div class=\"cta-button\">\n\t\t\t\t\t\t\t\t\t\t\t\t\t\t\t\t\t<\/div>\n\t\t\t\t\t<div class=\"cta-button\">\n\t\t\t\t\t\t\t\t\t\t\t\t\t\t\t\t\t<\/div>\n\t\t\t\t\t<div class=\"cta-button\">\n\t\t\t\t\t\t\t\t\t\t\t\t\t\t\t\t\t<\/div>\n\t\t\t\t<\/div>\n\t\t\t<\/div>\n\t\t<\/div>\n\t<\/div>\n\n\n\t\t\t\t\t\t\t\t<div class=\"headshot-cards \"  id=\"section-sub-2\" >\n\t\t<div class=\"uk-card uk-card-default card bg--light\">\n\t\t\t\t\t\t<div class=\"uk-card-body\">\n\t\t\t\t<ul class=\"icon-tab uk-grid uk-grid-small\" uk-grid>\n\t\t\t\t\t\t\t\t\t\t\t<li>\n\t\t\t\t\t\t\t<img style=\"height: 50px; width: auto;\" src=https:\/\/hspstandards.org\/app\/uploads\/2022\/07\/help-age50.png alt=\"HelpAge International logo\">\n\t\t\t\t\t\t<\/li>\n\t\t\t\t\t\t\t\t\t<\/ul>\n\t\t\t\t\t\t\t\t\t<h3 class=\"uk-card-title\">HelpAge International y CBM Global<\/h3>\n\t\t\t\t\t\t\t\t<div class=\"richtext-content uk-margin-small-top\">\n\t\t\t\t\t<p>Para obtener informaci\u00f3n y resolver dudas acerca las <strong>Normas de inclusi\u00f3n humanitaria para personas mayores y personas con discapacidad (HIS)<\/strong>, env\u00ede un correo a\u00a0<a uk-toggle=\"target: #es-contact-diana\">Diana Hiscock<\/a> (HelpAge International).<\/p>\n\n\t\t\t\t<\/div>\n\t\t\t\t<div class=\"buttons-section\">\n\t\t\t\t\t<div class=\"cta-button\">\n\t\t\t\t\t\t\t\t\t\t\t\t\t\t\t\t\t<\/div>\n\t\t\t\t\t<div class=\"cta-button\">\n\t\t\t\t\t\t\t\t\t\t\t\t\t\t\t\t\t<\/div>\n\t\t\t\t\t<div class=\"cta-button\">\n\t\t\t\t\t\t\t\t\t\t\t\t\t\t\t\t\t<\/div>\n\t\t\t\t<\/div>\n\t\t\t<\/div>\n\t\t<\/div>\n\t<\/div>\n\n\n\t\t\t\t\t\t\t\t<div class=\"headshot-cards \"  id=\"section-sub-3\" >\n\t\t<div class=\"uk-card uk-card-default card bg--light\">\n\t\t\t\t\t\t<div class=\"uk-card-body\">\n\t\t\t\t<ul class=\"icon-tab uk-grid uk-grid-small\" uk-grid>\n\t\t\t\t\t\t\t\t\t\t\t<li>\n\t\t\t\t\t\t\t<img style=\"height: 50px; width: auto;\" src=https:\/\/hspstandards.org\/app\/uploads\/2022\/07\/alliance50.png alt=\"The Alliance logo\">\n\t\t\t\t\t\t<\/li>\n\t\t\t\t\t\t\t\t\t<\/ul>\n\t\t\t\t\t\t\t\t\t<h3 class=\"uk-card-title\">La Alianza<\/h3>\n\t\t\t\t\t\t\t\t<div class=\"richtext-content uk-margin-small-top\">\n\t\t\t\t\t<p>Para obtener informaci\u00f3n y resolver dudas acerca de <strong>La Alianza para la protecci\u00f3n de la ni\u00f1ez y adolescencia en la acci\u00f3n humanitaria<\/strong>\u00a0o las <strong>Normas M\u00ednimas para la Protecci\u00f3n de la Ni\u00f1ez y Adolescencia en la Acci\u00f3n Humanitaria (NMPNA)<\/strong>, env\u00ede un correo a\u00a0<a href=\"mailto:info@alliancecpha.org\"><strong>info@alliancecpha.org<\/strong><\/a>.<\/p>\n\n\t\t\t\t<\/div>\n\t\t\t\t<div class=\"buttons-section\">\n\t\t\t\t\t<div class=\"cta-button\">\n\t\t\t\t\t\t\t\t\t\t\t\t\t\t\t\t\t<\/div>\n\t\t\t\t\t<div class=\"cta-button\">\n\t\t\t\t\t\t\t\t\t\t\t\t\t\t\t\t\t<\/div>\n\t\t\t\t\t<div class=\"cta-button\">\n\t\t\t\t\t\t\t\t\t\t\t\t\t\t\t\t\t<\/div>\n\t\t\t\t<\/div>\n\t\t\t<\/div>\n\t\t<\/div>\n\t<\/div>\n\n\n\t\t\t\t\t\t\t\t<div class=\"headshot-cards \"  id=\"section-sub-4\" >\n\t\t<div class=\"uk-card uk-card-default card bg--light\">\n\t\t\t\t\t\t<div class=\"uk-card-body\">\n\t\t\t\t<ul class=\"icon-tab uk-grid uk-grid-small\" uk-grid>\n\t\t\t\t\t\t\t\t\t\t\t<li>\n\t\t\t\t\t\t\t<img style=\"height: 35px; width: auto;\" src=https:\/\/hspstandards.org\/app\/uploads\/2022\/07\/calp50.png alt=\"CALP Network logo\">\n\t\t\t\t\t\t<\/li>\n\t\t\t\t\t\t\t\t\t<\/ul>\n\t\t\t\t\t\t\t\t\t<h3 class=\"uk-card-title\">CALP Network<\/h3>\n\t\t\t\t\t\t\t\t<div class=\"richtext-content uk-margin-small-top\">\n\t\t\t\t\t<p>Contacte con la <a href=\"https:\/\/www.calpnetwork.org\/es\/contact-us\/contact\/\" target=\"_blank\" rel=\"noopener\"><strong>CALP Network<\/strong><\/a>.<\/p>\n\n\t\t\t\t<\/div>\n\t\t\t\t<div class=\"buttons-section\">\n\t\t\t\t\t<div class=\"cta-button\">\n\t\t\t\t\t\t\t\t\t\t\t\t\t\t\t\t\t<\/div>\n\t\t\t\t\t<div class=\"cta-button\">\n\t\t\t\t\t\t\t\t\t\t\t\t\t\t\t\t\t<\/div>\n\t\t\t\t\t<div class=\"cta-button\">\n\t\t\t\t\t\t\t\t\t\t\t\t\t\t\t\t\t<\/div>\n\t\t\t\t<\/div>\n\t\t\t<\/div>\n\t\t<\/div>\n\t<\/div>\n\n\n\t\t\t\t\t\t\t\t<div class=\"headshot-cards \"  id=\"section-sub-5\" >\n\t\t<div class=\"uk-card uk-card-default card bg--light\">\n\t\t\t\t\t\t<div class=\"uk-card-body\">\n\t\t\t\t<ul class=\"icon-tab uk-grid uk-grid-small\" uk-grid>\n\t\t\t\t\t\t\t\t\t\t\t<li>\n\t\t\t\t\t\t\t<img style=\"height: 50px; width: auto;\" src=https:\/\/hspstandards.org\/app\/uploads\/2022\/07\/inee50.png alt=\"International Network for Education in Emergencies (INEE) logo\">\n\t\t\t\t\t\t<\/li>\n\t\t\t\t\t\t\t\t\t<\/ul>\n\t\t\t\t\t\t\t\t\t<h3 class=\"uk-card-title\">Red Interagencial para la Educaci\u00f3n en Situaciones de Emergencia (INEE)<\/h3>\n\t\t\t\t\t\t\t\t<div class=\"richtext-content uk-margin-small-top\">\n\t\t\t\t\t<p>Contacte con la <a href=\"https:\/\/inee.org\/es\/contactenos\" target=\"_blank\" rel=\"noopener\"><strong>INEE<\/strong><\/a>.<\/p>\n\n\t\t\t\t<\/div>\n\t\t\t\t<div class=\"buttons-section\">\n\t\t\t\t\t<div class=\"cta-button\">\n\t\t\t\t\t\t\t\t\t\t\t\t\t\t\t\t\t<\/div>\n\t\t\t\t\t<div class=\"cta-button\">\n\t\t\t\t\t\t\t\t\t\t\t\t\t\t\t\t\t<\/div>\n\t\t\t\t\t<div class=\"cta-button\">\n\t\t\t\t\t\t\t\t\t\t\t\t\t\t\t\t\t<\/div>\n\t\t\t\t<\/div>\n\t\t\t<\/div>\n\t\t<\/div>\n\t<\/div>\n\n\n\t\t\t\t\t\t\t\t<div class=\"headshot-cards \"  id=\"section-sub-6\" >\n\t\t<div class=\"uk-card uk-card-default card bg--light\">\n\t\t\t\t\t\t<div class=\"uk-card-body\">\n\t\t\t\t<ul class=\"icon-tab uk-grid uk-grid-small\" uk-grid>\n\t\t\t\t\t\t\t\t\t\t\t<li>\n\t\t\t\t\t\t\t<img style=\"height: 50px; width: auto;\" src=https:\/\/hspstandards.org\/app\/uploads\/2022\/07\/legs50.png alt=\"Livestock Emergency Guidelines and Standards (LEGS) logo\">\n\t\t\t\t\t\t<\/li>\n\t\t\t\t\t\t\t\t\t<\/ul>\n\t\t\t\t\t\t\t\t\t<h3 class=\"uk-card-title\">Normas y directrices para intervenciones ganaderas en emergencias (LEGS)<\/h3>\n\t\t\t\t\t\t\t\t<div class=\"richtext-content uk-margin-small-top\">\n\t\t\t\t\t<p>Contacte con\u00a0<a href=\"https:\/\/www.livestock-emergency.net\/contacto\/\" target=\"_blank\" rel=\"noopener\"><strong>LEGS<\/strong><\/a>.<\/p>\n\n\t\t\t\t<\/div>\n\t\t\t\t<div class=\"buttons-section\">\n\t\t\t\t\t<div class=\"cta-button\">\n\t\t\t\t\t\t\t\t\t\t\t\t\t\t\t\t\t<\/div>\n\t\t\t\t\t<div class=\"cta-button\">\n\t\t\t\t\t\t\t\t\t\t\t\t\t\t\t\t\t<\/div>\n\t\t\t\t\t<div class=\"cta-button\">\n\t\t\t\t\t\t\t\t\t\t\t\t\t\t\t\t\t<\/div>\n\t\t\t\t<\/div>\n\t\t\t<\/div>\n\t\t<\/div>\n\t<\/div>\n\n\n\t\t\t\t\t\t\t\t<div class=\"headshot-cards \"  id=\"section-sub-7\" >\n\t\t<div class=\"uk-card uk-card-default card bg--light\">\n\t\t\t\t\t\t<div class=\"uk-card-body\">\n\t\t\t\t<ul class=\"icon-tab uk-grid uk-grid-small\" uk-grid>\n\t\t\t\t\t\t\t\t\t\t\t<li>\n\t\t\t\t\t\t\t<img style=\"height: 35px; width: auto;\" src=https:\/\/hspstandards.org\/app\/uploads\/2022\/11\/SEADS-201x50-1.png alt=\"SEADS logo\">\n\t\t\t\t\t\t<\/li>\n\t\t\t\t\t\t\t\t\t<\/ul>\n\t\t\t\t\t\t\t\t\t<h3 class=\"uk-card-title\">Normas para el apoyo a los medios de subsistencia relativos a cultivos en emergencias (SEADS)<\/h3>\n\t\t\t\t\t\t\t\t<div class=\"richtext-content uk-margin-small-top\">\n\t\t\t\t\t<p>Contacte con <a href=\"https:\/\/seads-standards.org\/contact\/\" target=\"_blank\" rel=\"noopener\">SEADS<\/a>.<\/p>\n\n\t\t\t\t<\/div>\n\t\t\t\t<div class=\"buttons-section\">\n\t\t\t\t\t<div class=\"cta-button\">\n\t\t\t\t\t\t\t\t\t\t\t\t\t\t\t\t\t<\/div>\n\t\t\t\t\t<div class=\"cta-button\">\n\t\t\t\t\t\t\t\t\t\t\t\t\t\t\t\t\t<\/div>\n\t\t\t\t\t<div class=\"cta-button\">\n\t\t\t\t\t\t\t\t\t\t\t\t\t\t\t\t\t<\/div>\n\t\t\t\t<\/div>\n\t\t\t<\/div>\n\t\t<\/div>\n\t<\/div>\n\n\n\t\t\t\t\t\t\t\t<div class=\"headshot-cards \"  id=\"section-sub-8\" >\n\t\t<div class=\"uk-card uk-card-default card bg--light\">\n\t\t\t\t\t\t<div class=\"uk-card-body\">\n\t\t\t\t<ul class=\"icon-tab uk-grid uk-grid-small\" uk-grid>\n\t\t\t\t\t\t\t\t\t\t\t<li>\n\t\t\t\t\t\t\t<img style=\"height: 50px; width: auto;\" src=https:\/\/hspstandards.org\/app\/uploads\/2022\/07\/mers50.png alt=\"Minimum Economic Recovery Standards (MERS) logo\">\n\t\t\t\t\t\t<\/li>\n\t\t\t\t\t\t\t\t\t<\/ul>\n\t\t\t\t\t\t\t\t\t<h3 class=\"uk-card-title\">Normas m\u00ednimas para la recuperaci\u00f3n econ\u00f3mica (MERS)<\/h3>\n\t\t\t\t\t\t\t\t<div class=\"richtext-content uk-margin-small-top\">\n\t\t\t\t\t<p>Para consultas sobre MERS, contacte con\u00a0<a uk-toggle=\"target: #es-sphere-contact-form\">William Anderson<\/a><\/p>\n\n\t\t\t\t<\/div>\n\t\t\t\t<div class=\"buttons-section\">\n\t\t\t\t\t<div class=\"cta-button\">\n\t\t\t\t\t\t\t\t\t\t\t\t\t\t\t\t\t<\/div>\n\t\t\t\t\t<div class=\"cta-button\">\n\t\t\t\t\t\t\t\t\t\t\t\t\t\t\t\t\t<\/div>\n\t\t\t\t\t<div class=\"cta-button\">\n\t\t\t\t\t\t\t\t\t\t\t\t\t\t\t\t\t<\/div>\n\t\t\t\t<\/div>\n\t\t\t<\/div>\n\t\t<\/div>\n\t<\/div>\n\n\n\t\t\t\t\t<\/div>\n\t<\/div>\n<\/div>\n\n\n\t\t\t<div id=\"es-sphere-contact-form\" class=\"headshot-strip-modal uk-flex-top removeptags\" uk-modal>\n\t\t\t<div class=\"uk-modal-dialog uk-margin-auto-vertical uk-modal-body uk-position-relative\">\n                <button class=\"uk-modal-close-default\" type=\"button\" uk-close><\/button>\n\t\t\t\t<h2 class=\"uk-modal-title\">Contacte con William Anderson (Esfera)<\/h2>\n\t\t\t\t<div class=\"uk-position-relative\">\n\t\t\t\t\t\n<div class=\"wpcf7 no-js\" id=\"wpcf7-f5015-o1\" lang=\"en-US\" dir=\"ltr\" data-wpcf7-id=\"5015\">\n<div class=\"screen-reader-response\"><p role=\"status\" aria-live=\"polite\" aria-atomic=\"true\"><\/p> <ul><\/ul><\/div>\n<form action=\"\/es\/wp-json\/wp\/v2\/pages\/4628#wpcf7-f5015-o1\" method=\"post\" class=\"wpcf7-form init\" aria-label=\"Contact form\" novalidate=\"novalidate\" data-status=\"init\">\n<fieldset class=\"hidden-fields-container\"><input type=\"hidden\" name=\"_wpcf7\" value=\"5015\" \/><input type=\"hidden\" name=\"_wpcf7_version\" value=\"6.1.5\" \/><input type=\"hidden\" name=\"_wpcf7_locale\" value=\"en_US\" \/><input type=\"hidden\" name=\"_wpcf7_unit_tag\" value=\"wpcf7-f5015-o1\" \/><input type=\"hidden\" name=\"_wpcf7_container_post\" value=\"0\" \/><input type=\"hidden\" name=\"_wpcf7_posted_data_hash\" value=\"\" \/><input type=\"hidden\" name=\"_wpcf7_recaptcha_response\" value=\"\" \/>\n<\/fieldset>\n<p><label> Su nombre<br \/>\n<span class=\"wpcf7-form-control-wrap\" data-name=\"your-name\"><input size=\"40\" maxlength=\"400\" class=\"wpcf7-form-control wpcf7-text wpcf7-validates-as-required uk-input\" autocomplete=\"name\" aria-required=\"true\" aria-invalid=\"false\" value=\"\" type=\"text\" name=\"your-name\" \/><\/span> <\/label>\n<\/p>\n<p><label> Su correo eletr\u00f3nico<br \/>\n<span class=\"wpcf7-form-control-wrap\" data-name=\"your-email\"><input size=\"40\" maxlength=\"400\" class=\"wpcf7-form-control wpcf7-email wpcf7-validates-as-required wpcf7-text wpcf7-validates-as-email uk-input\" autocomplete=\"email\" aria-required=\"true\" aria-invalid=\"false\" value=\"\" type=\"email\" name=\"your-email\" \/><\/span> <\/label>\n<\/p>\n<p><label> Asunto de su mensaje<br \/>\n<span class=\"wpcf7-form-control-wrap\" data-name=\"your-subject\"><input size=\"40\" maxlength=\"400\" class=\"wpcf7-form-control wpcf7-text wpcf7-validates-as-required uk-input\" aria-required=\"true\" aria-invalid=\"false\" value=\"\" type=\"text\" name=\"your-subject\" \/><\/span> <\/label>\n<\/p>\n<p><label> Su mensaje<br \/>\n<span class=\"wpcf7-form-control-wrap\" data-name=\"your-message\"><textarea cols=\"40\" rows=\"10\" maxlength=\"2000\" class=\"wpcf7-form-control wpcf7-textarea wpcf7-validates-as-required uk-textarea\" aria-required=\"true\" aria-invalid=\"false\" name=\"your-message\"><\/textarea><\/span> <\/label>\n<\/p>\n<p><input class=\"wpcf7-form-control wpcf7-submit has-spinner button button--primary\" type=\"submit\" value=\"Enviar\" \/>\n<\/p><div class=\"wpcf7-response-output\" aria-hidden=\"true\"><\/div>\n<\/form>\n<\/div>\n\n\t\t\t\t<\/div>\n                <div class=\"uk-position-bottom-right\">\n                    <button class=\"button button--secondary uk-modal-close\" type=\"button\">Cancel<\/button>\n                <\/div>\n\t\t\t<\/div>\n\t\t<\/div>\n\t\t\t\t<div id=\"es-contact-diana\" class=\"headshot-strip-modal uk-flex-top removeptags\" uk-modal>\n\t\t\t<div class=\"uk-modal-dialog uk-margin-auto-vertical uk-modal-body uk-position-relative\">\n                <button class=\"uk-modal-close-default\" type=\"button\" uk-close><\/button>\n\t\t\t\t<h2 class=\"uk-modal-title\">Contacte con Diana Hiscock (HelpAge International)<\/h2>\n\t\t\t\t<div class=\"uk-position-relative\">\n\t\t\t\t\t\n<div class=\"wpcf7 no-js\" id=\"wpcf7-f5022-o2\" lang=\"en-US\" dir=\"ltr\" data-wpcf7-id=\"5022\">\n<div class=\"screen-reader-response\"><p role=\"status\" aria-live=\"polite\" aria-atomic=\"true\"><\/p> <ul><\/ul><\/div>\n<form action=\"\/es\/wp-json\/wp\/v2\/pages\/4628#wpcf7-f5022-o2\" method=\"post\" class=\"wpcf7-form init\" aria-label=\"Contact form\" novalidate=\"novalidate\" data-status=\"init\">\n<fieldset class=\"hidden-fields-container\"><input type=\"hidden\" name=\"_wpcf7\" value=\"5022\" \/><input type=\"hidden\" name=\"_wpcf7_version\" value=\"6.1.5\" \/><input type=\"hidden\" name=\"_wpcf7_locale\" value=\"en_US\" \/><input type=\"hidden\" name=\"_wpcf7_unit_tag\" value=\"wpcf7-f5022-o2\" \/><input type=\"hidden\" name=\"_wpcf7_container_post\" value=\"0\" \/><input type=\"hidden\" name=\"_wpcf7_posted_data_hash\" value=\"\" \/><input type=\"hidden\" name=\"_wpcf7_recaptcha_response\" value=\"\" \/>\n<\/fieldset>\n<p><label> Su nombre<br \/>\n<span class=\"wpcf7-form-control-wrap\" data-name=\"your-name\"><input size=\"40\" maxlength=\"400\" class=\"wpcf7-form-control wpcf7-text wpcf7-validates-as-required uk-input\" autocomplete=\"name\" aria-required=\"true\" aria-invalid=\"false\" value=\"\" type=\"text\" name=\"your-name\" \/><\/span> <\/label>\n<\/p>\n<p><label> Su correo eletr\u00f3nico<br \/>\n<span class=\"wpcf7-form-control-wrap\" data-name=\"your-email\"><input size=\"40\" maxlength=\"400\" class=\"wpcf7-form-control wpcf7-email wpcf7-validates-as-required wpcf7-text wpcf7-validates-as-email uk-input\" autocomplete=\"email\" aria-required=\"true\" aria-invalid=\"false\" value=\"\" type=\"email\" name=\"your-email\" \/><\/span> <\/label>\n<\/p>\n<p><label> Asunto de su mensaje<br \/>\n<span class=\"wpcf7-form-control-wrap\" data-name=\"your-subject\"><input size=\"40\" maxlength=\"400\" class=\"wpcf7-form-control wpcf7-text wpcf7-validates-as-required uk-input\" aria-required=\"true\" aria-invalid=\"false\" value=\"\" type=\"text\" name=\"your-subject\" \/><\/span> <\/label>\n<\/p>\n<p><label> Su mensaje<br \/>\n<span class=\"wpcf7-form-control-wrap\" data-name=\"your-message\"><textarea cols=\"40\" rows=\"10\" maxlength=\"2000\" class=\"wpcf7-form-control wpcf7-textarea wpcf7-validates-as-required uk-textarea\" aria-required=\"true\" aria-invalid=\"false\" name=\"your-message\"><\/textarea><\/span> <\/label>\n<\/p>\n<p><input class=\"wpcf7-form-control wpcf7-submit has-spinner button button--primary\" type=\"submit\" value=\"Enviar\" \/>\n<\/p><div class=\"wpcf7-response-output\" aria-hidden=\"true\"><\/div>\n<\/form>\n<\/div>\n\n\t\t\t\t<\/div>\n                <div class=\"uk-position-bottom-right\">\n                    <button class=\"button button--secondary uk-modal-close\" type=\"button\">Cancel<\/button>\n                <\/div>\n\t\t\t<\/div>\n\t\t<\/div>\n\t\t\t\t\t\t\t","protected":false},"excerpt":{"rendered":"","protected":false},"author":1,"featured_media":0,"parent":0,"menu_order":0,"comment_status":"closed","ping_status":"closed","template":"","meta":{"_acf_changed":false,"footnotes":""},"class_list":["post-4628","page","type-page","status-publish","hentry"],"acf":[],"_links":{"self":[{"href":"https:\/\/hspstandards.org\/es\/wp-json\/wp\/v2\/pages\/4628","targetHints":{"allow":["GET"]}}],"collection":[{"href":"https:\/\/hspstandards.org\/es\/wp-json\/wp\/v2\/pages"}],"about":[{"href":"https:\/\/hspstandards.org\/es\/wp-json\/wp\/v2\/types\/page"}],"author":[{"embeddable":true,"href":"https:\/\/hspstandards.org\/es\/wp-json\/wp\/v2\/users\/1"}],"replies":[{"embeddable":true,"href":"https:\/\/hspstandards.org\/es\/wp-json\/wp\/v2\/comments?post=4628"}],"version-history":[{"count":13,"href":"https:\/\/hspstandards.org\/es\/wp-json\/wp\/v2\/pages\/4628\/revisions"}],"predecessor-version":[{"id":5586,"href":"https:\/\/hspstandards.org\/es\/wp-json\/wp\/v2\/pages\/4628\/revisions\/5586"}],"wp:attachment":[{"href":"https:\/\/hspstandards.org\/es\/wp-json\/wp\/v2\/media?parent=4628"}],"curies":[{"name":"wp","href":"https:\/\/api.w.org\/{rel}","templated":true}]}}