{"id":4811,"date":"2022-09-29T14:35:18","date_gmt":"2022-09-29T14:35:18","guid":{"rendered":"https:\/\/hspstandards.org\/wp\/hsp-animated-video-transcript\/"},"modified":"2023-08-28T12:46:02","modified_gmt":"2023-08-28T12:46:02","slug":"transcripcion-del-video-de-hsp","status":"publish","type":"page","link":"https:\/\/hspstandards.org\/es\/transcripcion-del-video-de-hsp\/","title":{"rendered":"Transcripci\u00f3n del v\u00eddeo animado de HSP"},"content":{"rendered":"<div class=\"single-column-text uk-width-1-1 padding remove-\" >\n  <div class=\"content-wrapper standard\">\n    <h1 class=\"uk-text-center main-header uk-margin-medium-bottom\"> HSP Animated Video Transcript <\/h1>\n    <div class=\"richtext-content\">\n            <p>Los desastres y las crisis tienen un impacto directo sobre la vida de las personas.<\/p>\n<p>Pueden perder sus hogares<\/p>\n<p>pueden verse desplazadas<\/p>\n<p>pueden perder sus trabajos, sus medios de subsistencia y sus animales.<\/p>\n<p>Necesitan agua limpia<\/p>\n<p>alimentos,<\/p>\n<p>y alojamiento.<\/p>\n<p>Algunas personas pueden resultar enfermas o heridas<\/p>\n<p>Los colegios pueden verse destruidos,<\/p>\n<p>las familias separadas<\/p>\n<p>y los mercados alterados.<\/p>\n<p>Durante las crisis, las personas tienen derecho a recibir protecci\u00f3n y asistencia.<\/p>\n<p>Tienen derecho a una vida digna.<\/p>\n<p>las normas humanitarias traducen estos derechos<\/p>\n<p>en acciones concretas para apoyar a ni\u00f1as y ni\u00f1os<\/p>\n<p>mujeres y hombres,<\/p>\n<p>sin importar su edad o sus capacidades.<\/p>\n<p>Las personas que responden a las crisis<\/p>\n<p>pueden usar estas normas para identificar las necesidades y decidir qu\u00e9 hacer.<\/p>\n<p>Las personas afectadas pueden consultarlas para comprender sus derechos.<\/p>\n<p>Hace 20 a\u00f1os, Esfera desarroll\u00f3 normas m\u00ednimas en cuatro sectores que salvan vidas:<\/p>\n<p>agua, alimentaci\u00f3n, alojamiento y salud.<\/p>\n<p>Con el tiempo, se han ido desarrollando m\u00e1s normas<\/p>\n<p>que siguen el enfoque de Esfera y est\u00e1n construidas sobre las mismas bases.<\/p>\n<p>Estas normas cubren la Educaci\u00f3n,<\/p>\n<p>el Ganado, la Recuperaci\u00f3n econ\u00f3mica, la Protecci\u00f3n de la infancia,<\/p>\n<p>el An\u00e1lisis del mercado y la inclusi\u00f3n de personas mayores y con discapacidades.<\/p>\n<p>Pero las personas no viven sus vidas en sectores.<\/p>\n<p>De modo que para apoyarles de la mejor forma y promover la colaboraci\u00f3n,<\/p>\n<p>la coordinaci\u00f3n y el aprendizaje en todos los sectores,<\/p>\n<p>hemos creado la Cooperaci\u00f3n de Normas Humanitarias.<\/p>\n<p>Todas las normas est\u00e1n basadas en la Carta Humanitaria<\/p>\n<p>y apoyadas en los Principios de Protecci\u00f3n y la Norma Humanitaria Eesencial.<\/p>\n<p>Una vez haya comprendido el enfoque y la l\u00f3gica de un manual,<\/p>\n<p>sabr\u00e1 c\u00f3mo usarlos todos, en cualquier contexto.<\/p>\n<p>Para desarrollar y revisar estas normas,<\/p>\n<p>miles de personas de todo el mundo<\/p>\n<p>contribuyen sus conocimientos, su experiencia y su saber.<\/p>\n<p>Puede usar las normas humanitarias de muchas formas, por ejemplo:<\/p>\n<p>para comprender necesidades y priorizar acciones de forma conjunta,<\/p>\n<p>para trabajar con gobiernos, comunidades y socios,<\/p>\n<p>para dise\u00f1ar, implementar y mejorar una respuesta:<\/p>\n<p>para medir cu\u00e1n efectivo es un programa<\/p>\n<p>y tomar medidas para no dejar a nadie atr\u00e1s;<\/p>\n<p>o para prepararse antes de que azote una crisis.<\/p>\n<p>Puede acceder f\u00e1cilmente a estas normas en m\u00faltiples idiomas y formatos:<\/p>\n<p>PDF, en l\u00ednea, en formato impreso&#8230; y como App.<\/p>\n<p>Son gratuitas y est\u00e1n disponibles para todo el mundo.<\/p>\n<p>Hoy en d\u00eda las crisis humanitarias son m\u00e1s frecuentes,<\/p>\n<p>afectando las vidas de m\u00e1s personas durante periodos m\u00e1s largos.<\/p>\n<p>Las normas humanitarias le ayudan a aportar orden al caos<\/p>\n<p>y centrarse donde m\u00e1s se necesita la ayuda.<\/p>\n<p>Todos tenemos derecho a una vida digna.<\/p>\n\n    <\/div>\n  <\/div>\n<\/div>\n","protected":false},"excerpt":{"rendered":"","protected":false},"author":1,"featured_media":0,"parent":0,"menu_order":0,"comment_status":"closed","ping_status":"closed","template":"","meta":{"_acf_changed":false,"footnotes":""},"class_list":["post-4811","page","type-page","status-publish","hentry"],"acf":[],"_links":{"self":[{"href":"https:\/\/hspstandards.org\/es\/wp-json\/wp\/v2\/pages\/4811","targetHints":{"allow":["GET"]}}],"collection":[{"href":"https:\/\/hspstandards.org\/es\/wp-json\/wp\/v2\/pages"}],"about":[{"href":"https:\/\/hspstandards.org\/es\/wp-json\/wp\/v2\/types\/page"}],"author":[{"embeddable":true,"href":"https:\/\/hspstandards.org\/es\/wp-json\/wp\/v2\/users\/1"}],"replies":[{"embeddable":true,"href":"https:\/\/hspstandards.org\/es\/wp-json\/wp\/v2\/comments?post=4811"}],"version-history":[{"count":3,"href":"https:\/\/hspstandards.org\/es\/wp-json\/wp\/v2\/pages\/4811\/revisions"}],"predecessor-version":[{"id":4816,"href":"https:\/\/hspstandards.org\/es\/wp-json\/wp\/v2\/pages\/4811\/revisions\/4816"}],"wp:attachment":[{"href":"https:\/\/hspstandards.org\/es\/wp-json\/wp\/v2\/media?parent=4811"}],"curies":[{"name":"wp","href":"https:\/\/api.w.org\/{rel}","templated":true}]}}