{"id":3454,"date":"2022-06-06T16:46:48","date_gmt":"2022-06-06T16:46:48","guid":{"rendered":"https:\/\/hspstandards.org\/wp\/homepage\/"},"modified":"2023-03-08T20:13:15","modified_gmt":"2023-03-08T20:13:15","slug":"homepage","status":"publish","type":"page","link":"https:\/\/hspstandards.org\/fr\/","title":{"rendered":"Accueil"},"content":{"rendered":"<div class=\"uk-width-1-1 header-banner padding remove-top-bottom\">\n    <div class=\"header-banner-img\">\n        <img decoding=\"async\" src=\"https:\/\/hspstandards.org\/app\/uploads\/2022\/11\/Sphere_HSP_Home_Draft_1920x534.jpg\" alt=\"Un dessin de quatre personnes : celle tout \u00e0 gauche, tourn\u00e9e vers sa gauche, lit un livre ; la deuxi\u00e8me porte des lunettes de soleil et regarde au loin ; la troisi\u00e8me porte des lunettes de soleil et tient dans sa main gauche un objet, qui pourrait \u00eatre une carte, et indique quelque chose de la main droite ; et la derni\u00e8re personne, de profil, \u00e9crit dans un carnet.\">\n    <\/div>\n            <h1 class=\"sr-only uk-position-absolute\">Humanitarian Standards Partnership<\/h1>\n    <div class=\"content-wrapper\">\n        <div class=\"current-page\">\n            <span class=\"home-title\">Accueil<\/span> \/ Accueil\n        <\/div>\n    <\/div>\n    <\/div>\n\n<div class=\"single-column-text uk-width-1-1 padding remove-top\" >\n  <div class=\"content-wrapper full_width\">\n    <h1 class=\"uk-text-center main-header uk-margin-medium-bottom\"> Partenariat pour les standards humanitaires <\/h1>\n    <div class=\"richtext-content\">\n            <p style=\"text-align: center;\">Le Partenariat pour les standards humanitaires (HSP) promeut les standards humanitaires afin d\u2019am\u00e9liorer la qualit\u00e9 et la redevabilit\u00e9 de l\u2019action humanitaire. Le&nbsp;HSP propose une approche harmonis\u00e9e des standards par le biais de formations, d\u2019outils, de politiques et de conseils pratiques.<\/p>\n\n    <\/div>\n  <\/div>\n<\/div>\n\n\n<div class=\"uk-width-1-1 listing-block bg--light padding remove-\">\n  <div class=\"content-wrapper\">\n    <h2 class=\"uk-text-center\">Actualit\u00e9s des membres du r\u00e9seau<\/h2>\n        <div uk-grid class=\"uk-child-width-1-3@m uk-grid-match columns-3\">\n                                    <div class=\"signpost-scroll\" id=\"formation-de-base-legs-mise-a-jour-et-amelioree\">\n\t<div\n\t\tclass=\"uk-card uk-card-default card\">\n\t\t\t\t<div class=\"uk-card-body\">\n\t\t\t\t\t\t\t<div class=\"image--wrapper\">\n\t\t\t\t\t<img decoding=\"async\" src=\"https:\/\/hspstandards.org\/app\/uploads\/2022\/07\/legsx2.png\">\n\t\t\t\t<\/div>\n\t\t\t\t\t\t<h3 class=\"uk-card-title\" id=\"rm1-5576\">Formation de base LEGS mise \u00e0 jour et am\u00e9lior\u00e9e<\/h3>\n\t\t\t<div class=\"summary-wrapper\">\n\t\t\t\tCette formation essentielle a \u00e9t\u00e9 mise \u00e0 jour et est d\u00e9sormais disponible en arabe, anglais, fran\u00e7ais et espagnol.\n\t\t\t<\/div>\n\t\t\t<a id=\"rm-5576\" aria-labelledby=\"rm1-5576 rm-5576\" class=\"button button--simple\" href=\"https:\/\/www.livestock-emergency.net\/equipez-votre-equipe-de-la-version-remaniee-et-amelioree-de-la-formation-de-base-legs\/\" target=\"_blank\">En savoir plus<\/a>\n\t\t<\/div>\n\t<\/div>\n<\/div>\n                                                      <div class=\"signpost-scroll\" id=\"le-b-a-ba-des-transferts-monetaires-tout-ce-que-vous-devez-savoir\">\n\t<div\n\t\tclass=\"uk-card uk-card-default card\">\n\t\t\t\t<div class=\"uk-card-body\">\n\t\t\t\t\t\t\t<div class=\"image--wrapper\">\n\t\t\t\t\t<img decoding=\"async\" src=\"https:\/\/hspstandards.org\/app\/uploads\/2022\/07\/calp50.png\">\n\t\t\t\t<\/div>\n\t\t\t\t\t\t<h3 class=\"uk-card-title\" id=\"rm1-5459\">Le b.a.-ba des transferts mon\u00e9taires : tout ce que vous devez savoir<\/h3>\n\t\t\t<div class=\"summary-wrapper\">\n\t\t\t\tToutes les r\u00e9ponses \u00e0 vos questions sur les transferts mon\u00e9taires humanitaires.\n\t\t\t<\/div>\n\t\t\t<a id=\"rm-5459\" aria-labelledby=\"rm1-5459 rm-5459\" class=\"button button--simple\" href=\"https:\/\/www.calpnetwork.org\/fr\/cash-and-voucher-assistance\/\" target=\"_blank\">Renforcer vos connaissances CVA<\/a>\n\t\t<\/div>\n\t<\/div>\n<\/div>\n                                                      <div class=\"signpost-scroll\" id=\"voici-vos-normes-minimales-de-linee-edition-2024\">\n\t<div\n\t\tclass=\"uk-card uk-card-default card\">\n\t\t\t\t<div class=\"uk-card-body\">\n\t\t\t\t\t\t\t<div class=\"image--wrapper\">\n\t\t\t\t\t<img decoding=\"async\" src=\"https:\/\/hspstandards.org\/app\/uploads\/2024\/05\/inee-vertical-50.png\">\n\t\t\t\t<\/div>\n\t\t\t\t\t\t<h3 class=\"uk-card-title\" id=\"rm1-5421\">Voici vos Normes minimales de l&#8217;INEE, \u00e9dition 2024 !\u00a0<\/h3>\n\t\t\t<div class=\"summary-wrapper\">\n\t\t\t\tPlus de 1.600 personnes de 35 pays ont contribu\u00e9 \u00e0 l\u2019\u00e9dition 2024 des\u00a0Normes minimales de l&#8217;INEE\u00a0&#8211; un v\u00e9ritable exemple de&hellip;\n\t\t\t<\/div>\n\t\t\t<a id=\"rm-5421\" aria-labelledby=\"rm1-5421 rm-5421\" class=\"button button--simple\" href=\"https:\/\/inee.org\/fr\/normes-minimales\/edition-2024\" target=\"_blank\">D\u00e9couvrez le manuel INEE<\/a>\n\t\t<\/div>\n\t<\/div>\n<\/div>\n                                                      <div class=\"signpost-scroll\" id=\"cpms-news-fr\">\n\t<div\n\t\tclass=\"uk-card uk-card-default card\">\n\t\t\t\t<div class=\"uk-card-body\">\n\t\t\t\t\t\t\t<div class=\"image--wrapper\">\n\t\t\t\t\t<img decoding=\"async\" src=\"https:\/\/hspstandards.org\/app\/uploads\/2022\/07\/alliancex2.png\">\n\t\t\t\t<\/div>\n\t\t\t\t\t\t<h3 class=\"uk-card-title\" id=\"rm1-5029\">Comment votre agence utilise-t-elle les Standards de protection de l\u2019enfance ?<\/h3>\n\t\t\t<div class=\"summary-wrapper\">\n\t\t\t\tJusqu\u2019au 29 octobre, les membres de l&#8217;Alliance pour la protection de l\u2019enfance peuvent \u00e9valuer le degr\u00e9 de mise en \u0153uvre&hellip;\n\t\t\t<\/div>\n\t\t\t<a id=\"rm-5029\" aria-labelledby=\"rm1-5029 rm-5029\" class=\"button button--simple\" href=\"https:\/\/alliancecpha.org\/fr\/cpms-self-assessment-exercise\" target=\"_blank\">En savoir plus et participer \u00e0 l\u2019exercice<\/a>\n\t\t<\/div>\n\t<\/div>\n<\/div>\n                                                      <div class=\"signpost-scroll\" id=\"les-normes-seads-qui-soutiennent-les-moyens-dexistence-en-lien-avec-les-cultures-rejoignent-le-partenariat-pour-les-standards-humanitaires\">\n\t<div\n\t\tclass=\"uk-card uk-card-default card\">\n\t\t\t\t<div class=\"uk-card-body\">\n\t\t\t\t\t\t\t<div class=\"image--wrapper\">\n\t\t\t\t\t<img decoding=\"async\" src=\"https:\/\/hspstandards.org\/app\/uploads\/2022\/11\/SEADS-201x50-1.png\">\n\t\t\t\t<\/div>\n\t\t\t\t\t\t<h3 class=\"uk-card-title\" id=\"rm1-4191\">Les normes SEADS, qui soutiennent les moyens d\u2019existence en lien avec les cultures, rejoignent le Partenariat pour les standards humanitaires<\/h3>\n\t\t\t<div class=\"summary-wrapper\">\n\t\t\t\tle Humanitarian Standards Partnership a accept\u00e9 SEADS comme nouveau partenaire en octobre 2022.\n\t\t\t<\/div>\n\t\t\t<a id=\"rm-4191\" aria-labelledby=\"rm1-4191 rm-4191\" class=\"button button--simple\" href=\"https:\/\/spherestandards.org\/fr\/les-normes-seads-qui-soutiennent-les-moyens-dexistence-en-lien-avec-les-cultures-rejoignent-le-partenariat-pour-les-standards-humanitaires\/\" target=\"_blank\">En savoir plus sur SEADS<\/a>\n\t\t<\/div>\n\t<\/div>\n<\/div>\n                                                      <div class=\"signpost-scroll\" id=\"localisation-et-institutionnalisation-des-standards-minimums-de-sphere-au-nepal\">\n\t<div\n\t\tclass=\"uk-card uk-card-default card\">\n\t\t\t\t<div class=\"uk-card-body\">\n\t\t\t\t\t\t\t<div class=\"image--wrapper\">\n\t\t\t\t\t<img decoding=\"async\" src=\"https:\/\/hspstandards.org\/app\/uploads\/2022\/09\/Sphere_Logo_Full-colour_RGB_50-high_clear.png\">\n\t\t\t\t<\/div>\n\t\t\t\t\t\t<h3 class=\"uk-card-title\" id=\"rm1-4190\">En m\u00e9moire de Maher Alabrsh (1989\u20132024)<\/h3>\n\t\t\t<div class=\"summary-wrapper\">\n\t\t\t\tMaher Alabrsh \u00e9tait un humanitaire dou\u00e9 et tr\u00e8s impliqu\u00e9. Sa disparition subite a \u00e9t\u00e9 un v\u00e9ritablement choc.\n\t\t\t<\/div>\n\t\t\t<a id=\"rm-4190\" aria-labelledby=\"rm1-4190 rm-4190\" class=\"button button--simple\" href=\"https:\/\/spherestandards.org\/fr\/en-memoire-de-maher-alabrsh\/\" target=\"_blank\">En m\u00e9moire de Maher<\/a>\n\t\t<\/div>\n\t<\/div>\n<\/div>\n                            <\/div>\n  <\/div>\n<\/div>","protected":false},"excerpt":{"rendered":"","protected":false},"author":1,"featured_media":0,"parent":0,"menu_order":0,"comment_status":"closed","ping_status":"closed","template":"","meta":{"_acf_changed":false,"footnotes":""},"class_list":["post-3454","page","type-page","status-publish","hentry"],"acf":[],"_links":{"self":[{"href":"https:\/\/hspstandards.org\/fr\/wp-json\/wp\/v2\/pages\/3454","targetHints":{"allow":["GET"]}}],"collection":[{"href":"https:\/\/hspstandards.org\/fr\/wp-json\/wp\/v2\/pages"}],"about":[{"href":"https:\/\/hspstandards.org\/fr\/wp-json\/wp\/v2\/types\/page"}],"author":[{"embeddable":true,"href":"https:\/\/hspstandards.org\/fr\/wp-json\/wp\/v2\/users\/1"}],"replies":[{"embeddable":true,"href":"https:\/\/hspstandards.org\/fr\/wp-json\/wp\/v2\/comments?post=3454"}],"version-history":[{"count":8,"href":"https:\/\/hspstandards.org\/fr\/wp-json\/wp\/v2\/pages\/3454\/revisions"}],"predecessor-version":[{"id":3801,"href":"https:\/\/hspstandards.org\/fr\/wp-json\/wp\/v2\/pages\/3454\/revisions\/3801"}],"wp:attachment":[{"href":"https:\/\/hspstandards.org\/fr\/wp-json\/wp\/v2\/media?parent=3454"}],"curies":[{"name":"wp","href":"https:\/\/api.w.org\/{rel}","templated":true}]}}