{"id":3508,"date":"2022-08-17T09:40:25","date_gmt":"2022-08-17T09:40:25","guid":{"rendered":"https:\/\/hspstandards.org\/wp\/foundations-2\/"},"modified":"2024-04-07T18:29:35","modified_gmt":"2024-04-07T18:29:35","slug":"fondements","status":"publish","type":"page","link":"https:\/\/hspstandards.org\/fr\/fondements\/","title":{"rendered":"Fondements"},"content":{"rendered":"<div class=\"uk-width-1-1 header-banner padding remove-top-bottom\">\n    <div class=\"header-banner-img\">\n        <img decoding=\"async\" src=\"https:\/\/hspstandards.org\/app\/uploads\/2022\/07\/foundations-hero1920.jpg\" alt=\"Dessin de cinq personnes. Sur la gauche, un-e enfant lit un livre. Sur la droite, une personne montre l\u2019illustration de la justice, sous la forme du dessin d\u2019une balance, \u00e0 deux personnes au milieu. L\u2019une des personnes au centre consulte des documents, et l\u2019autre porte un b\u00e9b\u00e9 sur son \u00e9paule et regarde la balance.\">\n    <\/div>\n            <h1 class=\"sr-only uk-position-absolute\">Humanitarian Standards Partnership<\/h1>\n    <div class=\"content-wrapper\">\n        <div class=\"current-page\">\n            <span class=\"home-title\">Accueil<\/span> \/ Fondements\n        <\/div>\n    <\/div>\n    <\/div>\n\n<div class=\"single-column-text uk-width-1-1 padding remove-top\" >\n  <div class=\"content-wrapper full_width\">\n    <h1 class=\"uk-text-center main-header uk-margin-medium-bottom\"> Fondements <\/h1>\n    <div class=\"richtext-content\">\n            <p>Un des principaux atouts du Partenariat pour les standards humanitaires (HSP) est la coh\u00e9rence de l\u2019<a href=\"https:\/\/hspstandards.org\/wp\/fr\/fondements\/#section-1\"><strong>approche<\/strong><\/a>, de la <a href=\"https:\/\/hspstandards.org\/wp\/fr\/fondements\/#section-2\"><strong>structure<\/strong><\/a> et des <a href=\"https:\/\/hspstandards.org\/wp\/fr\/fondements\/#section-3\"><strong>fondements<\/strong><\/a> de l\u2019ensemble des manuels.<\/p>\n\n    <\/div>\n  <\/div>\n<\/div>\n\n\n<div class=\"single-column-text uk-width-1-1 padding remove-bottom\" id=\"section-1\">\n  <div class=\"content-wrapper full_width\">\n    <h1 class=\"uk-text-center main-header uk-margin-medium-bottom\">  <\/h1>\n    <div class=\"richtext-content\">\n          <h2 class=\"section-header\"> Une approche bas\u00e9e sur les droits <\/h2>\n            <p>L\u2019ensemble des standards et des normes du HSP repose sur les instruments juridiques en lien avec les droits humains, les personnes r\u00e9fugi\u00e9es et l\u2019action humanitaire. Chaque standard ou norme est l\u2019expression d\u2019un droit humain et d\u00e9finit les conditions minimales d\u2019une vie dans la dignit\u00e9.<\/p>\n<p>Le manuel Sph\u00e8re inclut une liste annot\u00e9e des instruments juridiques les plus pertinents pour Sph\u00e8re\u00a0:\u00a0<a href=\"https:\/\/handbook.hspstandards.org\/fr\/sphere\/#ch010_002\"><strong>Annexe\u00a01\u00a0: Le fondement juridique de Sph\u00e8re<\/strong><\/a>.<\/p>\n\n    <\/div>\n  <\/div>\n<\/div>\n\n\n<div class=\"uk-width-1-1 content-grid bg--light padding remove-top-bottom\" id=\"section-2\">\n    <div class=\"content-wrapper\">\n                <div class=\"content mobile-row-collapse\">\n            <div tabindex=\"0\" class=\"content-content__field\">\n                <h2>La structure d\u2019un standard ou d\u2019une norme<\/h2>\n<p>La pr\u00e9sentation des standards et normes est semblable dans tous les manuels.<\/p>\n<p><img loading=\"lazy\" decoding=\"async\" class=\"alignnone wp-image-1122 size-full\" src=\"https:\/\/hspstandards.org\/app\/uploads\/2022\/07\/Sphere_HSP_Foundations_Example_Draft_1-scaled.jpg\" alt=\"Un dessin de trois personnes. Une adulte, sans doute une femme, est en train de cuisiner et un enfant tire sur son v\u00eatement. De l\u2019autre c\u00f4t\u00e9 d\u2019un rideau, un adulte, sans doute un homme, allong\u00e9 sur le lit inf\u00e9rieur de lits \u00e0 \u00e9tage, est plong\u00e9 dans la lecture d\u2019un ouvrage. Un ourson est pos\u00e9 sur le lit du haut. Ce dessin est cens\u00e9 repr\u00e9senter le Standard 3 de Sph\u00e8re sur les abris et l\u2019habitat : Espace de vie.\" width=\"2560\" height=\"1043\" srcset=\"https:\/\/hspstandards.org\/app\/uploads\/2022\/07\/Sphere_HSP_Foundations_Example_Draft_1-scaled.jpg 2560w, https:\/\/hspstandards.org\/app\/uploads\/2022\/07\/Sphere_HSP_Foundations_Example_Draft_1-300x122.jpg 300w, https:\/\/hspstandards.org\/app\/uploads\/2022\/07\/Sphere_HSP_Foundations_Example_Draft_1-1024x417.jpg 1024w, https:\/\/hspstandards.org\/app\/uploads\/2022\/07\/Sphere_HSP_Foundations_Example_Draft_1-768x313.jpg 768w, https:\/\/hspstandards.org\/app\/uploads\/2022\/07\/Sphere_HSP_Foundations_Example_Draft_1-1536x626.jpg 1536w, https:\/\/hspstandards.org\/app\/uploads\/2022\/07\/Sphere_HSP_Foundations_Example_Draft_1-2048x835.jpg 2048w\" sizes=\"auto, (max-width: 2560px) 100vw, 2560px\" \/><\/p>\n\n            <\/div>\n                            <div class=\"uk-child-1-1 uk-child-width-1-2@s uk-grid-column-collapse uk-grid-match uk-grid-row-collapse@s\" uk-grid>\n                    <div class=\"content-left__card\">\n                        <div tabindex=\"0\" class=\"uk-card uk-card-default uk-card-body\" style=\"background-color: #eaecee\">\n                         <p>Les <strong>standards et normes sont qualitatifs<\/strong> et \u00e9noncent les conditions minimales d\u2019une existence dans la dignit\u00e9. Ils reposent sur un droit humain et <em>s\u2019appliquent dans tous les contextes.<\/em><\/p>\n\n                        <\/div>\n                    <\/div>\n                                        <div class=\"content-right__card\">\n                        <div tabindex=\"0\" class=\"uk-card uk-card-default uk-card-body\" style=\"background-color: #faf4e5\">\n                        <h4>Sph\u00e8re\u00a0: Abris et habitat standard\u00a03\u00a0: Espace de vie<\/h4>\n<p>Les personnes ont acc\u00e8s \u00e0 des espaces de vie s\u00fbrs et appropri\u00e9s, rendant possible la r\u00e9alisation dans la dignit\u00e9 d\u2019activit\u00e9s m\u00e9nag\u00e8res et de subsistance essentielles.<\/p>\n\n                        <\/div>\n                    <\/div>\n                                    <\/div>\n                            <div class=\"uk-child-1-1 uk-child-width-1-2@s uk-grid-column-collapse uk-grid-match uk-grid-row-collapse@s\" uk-grid>\n                    <div class=\"content-left__card\">\n                        <div tabindex=\"0\" class=\"uk-card uk-card-default uk-card-body\" style=\"background-color: #eaecee\">\n                         <p><strong>Les actions<\/strong> d\u00e9taillent les \u00e9tapes \u00e0 suivre pour atteindre le standard ou la norme. Il s\u2019agit-l\u00e0 de suggestions, qui peuvent ne pas \u00eatre applicables dans tous les contextes. Le praticien ou la praticienne devra s\u00e9lectionner la ou les actions les plus pertinentes pour la situation donn\u00e9e.<\/p>\n\n                        <\/div>\n                    <\/div>\n                                        <div class=\"content-right__card\">\n                        <div tabindex=\"0\" class=\"uk-card uk-card-default uk-card-body\" style=\"background-color: #faf4e5\">\n                        <p>S\u2019assurer que chaque famille affect\u00e9e dispose d\u2019un espace de vie appropri\u00e9 pour r\u00e9aliser des activit\u00e9s domestiques de base.<\/p>\n\n                        <\/div>\n                    <\/div>\n                                    <\/div>\n                            <div class=\"uk-child-1-1 uk-child-width-1-2@s uk-grid-column-collapse uk-grid-match uk-grid-row-collapse@s\" uk-grid>\n                    <div class=\"content-left__card\">\n                        <div tabindex=\"0\" class=\"uk-card uk-card-default uk-card-body\" style=\"background-color: #eaecee\">\n                         <p><strong>Les indicateurs<\/strong> sont des propositions de mesure des progr\u00e8s jusqu\u2019\u00e0 atteindre les standards et les normes. Le praticien ou la praticienne devra s\u00e9lectionner une s\u00e9rie d\u2019indicateurs pour chaque programme.<\/p>\n\n                        <\/div>\n                    <\/div>\n                                        <div class=\"content-right__card\">\n                        <div tabindex=\"0\" class=\"uk-card uk-card-default uk-card-body\" style=\"background-color: #faf4e5\">\n                        <p>Part de la population affect\u00e9e disposant d\u2019un espace de vie appropri\u00e9 \u00e0 l\u2019int\u00e9rieur ou imm\u00e9diatement autour des abris pour r\u00e9aliser ses activit\u00e9s quotidiennes.<\/p>\n\n                        <\/div>\n                    <\/div>\n                                    <\/div>\n                            <div class=\"uk-child-1-1 uk-child-width-1-2@s uk-grid-column-collapse uk-grid-match uk-grid-row-collapse@s\" uk-grid>\n                    <div class=\"content-left__card\">\n                        <div tabindex=\"0\" class=\"uk-card uk-card-default uk-card-body\" style=\"background-color: #eaecee\">\n                         <p>Certains indicateurs incluent des descriptions quantitatives de ce qui est \u00ab\u00a0appropri\u00e9\u00a0\u00bb. Bien que <em>ces derniers soient \u00e0 d\u00e9terminer <\/em>en fonction du contexte, cela ne doit pas \u00eatre fait \u00e0 la l\u00e9g\u00e8re. Ces valeurs num\u00e9riques peuvent \u00eatre appel\u00e9es des <strong>cibles<\/strong>.<\/p>\n\n                        <\/div>\n                    <\/div>\n                                        <div class=\"content-right__card\">\n                        <div tabindex=\"0\" class=\"uk-card uk-card-default uk-card-body\" style=\"background-color: #faf4e5\">\n                        <p>Au minimum\u00a03,5\u00a0m\u00e8tres carr\u00e9s d\u2019espace de vie par personne, \u00e0 l\u2019exclusion de l\u2019espace de cuisine, des zones de bain et des installations sanitaires.<\/p>\n\n                        <\/div>\n                    <\/div>\n                                    <\/div>\n                            <div class=\"uk-child-1-1 uk-child-width-1-2@s uk-grid-column-collapse uk-grid-match uk-grid-row-collapse@s\" uk-grid>\n                    <div class=\"content-left__card\">\n                        <div tabindex=\"0\" class=\"uk-card uk-card-default uk-card-body\" style=\"background-color: #eaecee\">\n                         <p><strong>Les notes d\u2019orientation<\/strong> fournissent des informations suppl\u00e9mentaires, en appui aux actions cl\u00e9s.<\/p>\n\n                        <\/div>\n                    <\/div>\n                                        <div class=\"content-right__card\">\n                        <div tabindex=\"0\" class=\"uk-card uk-card-default uk-card-body\" style=\"background-color: #faf4e5\">\n                        <p>Respecter les pratiques et les coutumes existantes, ainsi que la fa\u00e7on dont elles affectent la n\u00e9cessit\u00e9 de sous-divisions internes (rideaux, murs).<\/p>\n\n                        <\/div>\n                    <\/div>\n                                    <\/div>\n                    <\/div>\n                     <\/div>\n<\/div>\n\n\n\n\n\n<div class=\"uk-width-1-1 card-image-and-content bg--light padding remove-top-bottom\">\n    <div class=\"content-wrapper\">\n                <div tabindex=\"0\" class=\"richtext-content\">\n            <p>Il est important de ne pas confondre standards et cibles. Dans l\u2019exemple ci-dessus, il n\u2019est pas possible de viser la cible de 3,5\u00a0m\u00e8tres carr\u00e9s par personne d\u2019espace de vie, car cela supposerait que tout le monde a les m\u00eames besoins.<\/p>\n<p>Il convient de toujours chercher \u00e0 atteindre le standard\/la norme \u2013 fournir \u00e0 toute personne un espace de vie s\u00fbr et appropri\u00e9 \u2013 car tout le monde a des droits \u00e9gaux. Et il faut reconna\u00eetre que ce qui est appropri\u00e9 pour une personne peut ne pas \u00eatre appropri\u00e9 pour une autre.<\/p>\n\n        <\/div>\n        <div uk-grid class=\"uk-grid uk-child-width-1-1: One@m uk-grid-match columns-1: One\">\n                                <div class=\"uk-visible@s\">\n        <div class=\"uk-card uk-card-default card uk-grid-collapse uk-grid-column-large uk-child-width-1-2\" uk-grid>\n            <div class=\"image-section\">\n                <div class=\"uk-card-media-left uk-cover-container\" style=\"background-image: url('https:\/\/hspstandards.org\/app\/uploads\/2022\/07\/standards-vs-targets-padded.png')\">\n                                <\/div>\n            <\/div>\n            <div class=\"text-section\">\n              <div class=\"uk-card-body\">\n                                <div tabindex=\"0\" class=\"richtext-content\">\n                    <p>L\u2019activit\u00e9 <a href=\"https:\/\/www.spherestandards.org\/fr\/resources\/activite-les-standards-et-les-cibles\/\"><strong>Les standards et les cibles<\/strong><\/a> est un support d\u2019activit\u00e9 interactive pour des ateliers et formations facilement adaptable \u00e0 l\u2019apprentissage en ligne ou en personne. Son objectif p\u00e9dagogique est de permettre de saisir parfaitement la diff\u00e9rence entre les standards et les cibles.<\/p>\n\n                <\/div>\n              <\/div>\n            <\/div>\n        <\/div>\n    <\/div>\n    <div class=\"mobile uk-hidden@s\">\n        <div class=\"uk-card uk-card-default card\">\n            <div class=\"uk-card-media-top\" style=\"background-image: url('https:\/\/hspstandards.org\/app\/uploads\/2022\/07\/standards-vs-targets-padded.png')\">\n                        <\/div>\n            <div class=\"uk-card-body\">\n                        <div tabindex=\"0\" class=\"richtext-content\">\n                <p>L\u2019activit\u00e9 <a href=\"https:\/\/www.spherestandards.org\/fr\/resources\/activite-les-standards-et-les-cibles\/\"><strong>Les standards et les cibles<\/strong><\/a> est un support d\u2019activit\u00e9 interactive pour des ateliers et formations facilement adaptable \u00e0 l\u2019apprentissage en ligne ou en personne. Son objectif p\u00e9dagogique est de permettre de saisir parfaitement la diff\u00e9rence entre les standards et les cibles.<\/p>\n\n            <\/div>\n            <\/div>\n        <\/div>\n    <\/div>\n\n                    <\/div>\n    <\/div>\n<\/div>\n\n<div class=\"single-column-text uk-width-1-1 padding remove-bottom\" id=\"section-3\">\n  <div class=\"content-wrapper standard\">\n    <h1 class=\"uk-text-center main-header uk-margin-medium-bottom\">  <\/h1>\n    <div class=\"richtext-content\">\n          <h2 class=\"section-header\"> Chapitres de base communs <\/h2>\n            <p>Les manuels du HSP r\u00e9dig\u00e9s ou r\u00e9vis\u00e9s depuis\u00a02015 \u2013 au moment du premier lancement de la Norme humanitaire fondamentale (CHS) \u2013 s\u2019appuient fortement sur la Charte humanitaire, les principes de protection et la CHS. Ces chapitres ne figurent que le manuel Sph\u00e8re, mais constituent les fondements communs \u00e0 tous les manuels du HSP.<\/p>\n\n    <\/div>\n  <\/div>\n<\/div>\n\n\n\n\n<div class=\"uk-width-1-1 headshot-strip padding remove-top-bottom\"  id=\"section-4\" >\n\t<div class=\"content-wrapper \">\n\t\t\t\t\t<div>\n\t\t\t\t<h3>\n\t\t\t\t\tLa Charte humanitaire\n\t\t\t\t<\/h3>\n\t\t\t<\/div>\n\t\t\t\t\t\t\t<div class=\"richtext-content\">\n\t\t\t\t<p>R\u00e9dig\u00e9e par des praticiens et praticiennes en\u00a01997, et mise \u00e0 jour en\u00a02011, la Charte exprime l\u2019engagement envers l\u2019action humanitaire et constitue un cadre \u00e9thique et juridique pour cette derni\u00e8re.<\/p>\n\n\t\t\t<\/div>\n\t\t\t\t<div uk-grid=\"masonry: true\" class=\"uk-grid uk-child-width-1-2@s uk-child-width-1-3@m uk-grid-match\">\n\t\t\t\t\t\t\t\t<div class=\"headshot-cards \" >\n\t\t<div class=\"uk-card uk-card-default card bg--light\">\n\t\t\t\t\t\t<div class=\"uk-card-body\">\n\t\t\t\t<ul class=\"icon-tab uk-grid uk-grid-small\" uk-grid>\n\t\t\t\t\t\t\t\t\t\t\t<li>\n\t\t\t\t\t\t\t<img style=\"height: 35px; width: auto;\" src=https:\/\/hspstandards.org\/app\/uploads\/2022\/07\/humanitarian.svg alt=\"Humanitarian Charter icon (purple)\">\n\t\t\t\t\t\t<\/li>\n\t\t\t\t\t\t\t\t\t<\/ul>\n\t\t\t\t\t\t\t\t<div class=\"richtext-content uk-margin-small-top\">\n\t\t\t\t\t<p><a href=\"https:\/\/handbook.hspstandards.org\/fr\/sphere\/#ch003\"><strong>Lire la Charte humanitaire en ligne<\/strong><\/a> par le biais du manuel interactif.<\/p>\n\n\t\t\t\t<\/div>\n\t\t\t\t<div class=\"buttons-section\">\n\t\t\t\t\t<div class=\"cta-button\">\n\t\t\t\t\t\t\t\t\t\t\t\t\t\t\t\t\t<\/div>\n\t\t\t\t\t<div class=\"cta-button\">\n\t\t\t\t\t\t\t\t\t\t\t\t\t\t\t\t\t<\/div>\n\t\t\t\t\t<div class=\"cta-button\">\n\t\t\t\t\t\t\t\t\t\t\t\t\t\t\t\t\t<\/div>\n\t\t\t\t<\/div>\n\t\t\t<\/div>\n\t\t<\/div>\n\t<\/div>\n\n\n\t\t\t\t\t\t\t\t<div class=\"headshot-cards \" >\n\t\t<div class=\"uk-card uk-card-default card bg--light\">\n\t\t\t\t\t\t\t<div class=\"uk-card-media-top\">\n\t\t\t\t\t<img decoding=\"async\" src=\"https:\/\/hspstandards.org\/app\/uploads\/2022\/07\/foundations-charter.jpg\" alt=\"Dessin d\u2019un travailleur humanitaire distribuant d\u2019immenses costumes de lapin rose \u00e0 des personnes qui ont l\u2019air frigorifi\u00e9es et malheureuses. Le travailleur humanitaire leur dit : \u00ab ben, c\u2019est mieux que rien, non ?\">\n\n\t\t\t\t<\/div>\n\t\t\t\t\t\t<div class=\"uk-card-body\">\n\t\t\t\t<ul class=\"icon-tab uk-grid uk-grid-small\" uk-grid>\n\t\t\t\t\t\t\t\t\t<\/ul>\n\t\t\t\t\t\t\t\t<div class=\"richtext-content uk-margin-small-top\">\n\t\t\t\t\t<p><a href=\"https:\/\/www.spherestandards.org\/fr\/standards-humanitaires\/la-charte-humanitaire\/\"><strong>Lire la Charte humanitaire et t\u00e9l\u00e9charger la s\u00e9rie d\u2019illustrations<\/strong><\/a> (aux formats affiche et carte postale).<\/p>\n\n\t\t\t\t<\/div>\n\t\t\t\t<div class=\"buttons-section\">\n\t\t\t\t\t<div class=\"cta-button\">\n\t\t\t\t\t\t\t\t\t\t\t\t\t\t\t\t\t<\/div>\n\t\t\t\t\t<div class=\"cta-button\">\n\t\t\t\t\t\t\t\t\t\t\t\t\t\t\t\t\t<\/div>\n\t\t\t\t\t<div class=\"cta-button\">\n\t\t\t\t\t\t\t\t\t\t\t\t\t\t\t\t\t<\/div>\n\t\t\t\t<\/div>\n\t\t\t<\/div>\n\t\t<\/div>\n\t<\/div>\n\n\n\t\t\t\t\t<\/div>\n\t<\/div>\n<\/div>\n\n\n\t\t\n\n<div class=\"uk-width-1-1 content-grid bg--light padding remove-top-bottom\" id=\"section-5\">\n    <div class=\"content-wrapper\">\n                        <div class=\"content\">\n            <div tabindex=\"0\" class=\"content-content__field\">\n                <h3>Les principes de protection<\/h3>\n<p>Quatre principes de protection s\u2019appliquent \u00e0 toute action humanitaire et \u00e0 tous les acteurs et toutes les actrices humanitaires\u00a0:<\/p>\n\n            <\/div>\n            <div class=\"uk-grid\" uk-grid>\n                                <div class=\"content-card uk-width-1-1 uk-width-1-2@s uk-width-1-3@m\">\n                    <div tabindex=\"0\" class=\"uk-card uk-card-default uk-card-body\" style=\"background-color: #f6f1f5\">\n                        <p>Principe\u00a01) Renforcer la s\u00e9curit\u00e9, la dignit\u00e9 et les droits des personnes, et \u00e9viter de les exposer \u00e0 des pr\u00e9judices.<\/p>\n\n                    <\/div>\n                <\/div>\n                                <div class=\"content-card uk-width-1-1 uk-width-1-2@s uk-width-1-3@m\">\n                    <div tabindex=\"0\" class=\"uk-card uk-card-default uk-card-body\" style=\"background-color: #f6f1f5\">\n                        <p>Principe 2) Garantir l\u2019acc\u00e8s des personnes \u00e0 une assistance impartiale, proportionnelle \u00e0 leurs besoins et fournie sans discrimination.<\/p>\n\n                    <\/div>\n                <\/div>\n                                <div class=\"content-card uk-width-1-1 uk-width-1-2@s uk-width-1-3@m\">\n                    <div tabindex=\"0\" class=\"uk-card uk-card-default uk-card-body\" style=\"background-color: #f6f1f5\">\n                        <p>Principe\u00a03) Aider les personnes \u00e0 se remettre des effets physiques et psychologiques de menaces de violence ou de r\u00e9els actes de violence, de coercition ou de privations d\u00e9lib\u00e9r\u00e9es.<\/p>\n\n                    <\/div>\n                <\/div>\n                                <div class=\"content-card uk-width-1-1 uk-width-1-2@s uk-width-1-3@m\">\n                    <div tabindex=\"0\" class=\"uk-card uk-card-default uk-card-body\" style=\"background-color: #f6f1f5\">\n                        <p>Principe\u00a04) Aider les personnes \u00e0 faire valoir leurs droits.<\/p>\n\n                    <\/div>\n                <\/div>\n                                <div class=\"content-card uk-width-1-1 uk-width-1-2@s uk-width-1-3@m\">\n                    <div tabindex=\"0\" class=\"uk-card uk-card-default uk-card-body\" style=\"background-color: #ffffff\">\n                        <p><img loading=\"lazy\" decoding=\"async\" class=\"alignnone wp-image-1137\" src=\"https:\/\/hpstandards.dev.preview.direct\/app\/uploads\/2022\/07\/hpstandards-300x300.jpg\" alt=\"\" width=\"50\" height=\"50\" srcset=\"https:\/\/hspstandards.org\/app\/uploads\/2022\/07\/hpstandards-300x300.jpg 300w, https:\/\/hspstandards.org\/app\/uploads\/2022\/07\/hpstandards-150x150.jpg 150w, https:\/\/hspstandards.org\/app\/uploads\/2022\/07\/hpstandards.jpg 731w\" sizes=\"auto, (max-width: 50px) 100vw, 50px\" \/><\/p>\n<p><a href=\"https:\/\/handbook.hspstandards.org\/fr\/sphere\/#ch004\"><strong>Lire les principes de protection en ligne<\/strong><\/a> par le biais du manuel interactif.<\/p>\n\n                    <\/div>\n                <\/div>\n                            <\/div>\n        <\/div>\n            <\/div>\n<\/div>\n\n\n\n\n\n<div class=\"uk-width-1-1 headshot-strip padding remove-top\"  id=\"section-6\" >\n\t<div class=\"content-wrapper \">\n\t\t\t\t\t<div>\n\t\t\t\t<h3>\n\t\t\t\t\tLa Norme humanitaire fondamentale (CHS)\n\t\t\t\t<\/h3>\n\t\t\t<\/div>\n\t\t\t\t\t\t\t<div class=\"richtext-content\">\n\t\t\t\t<p>La Norme humanitaire fondamentale de qualit\u00e9 et de redevabilit\u00e9 (CHS) \u00e9nonce neuf engagements que les organisations et les acteurs impliqu\u00e9s et actrices impliqu\u00e9es dans toute intervention humanitaire peuvent utiliser pour am\u00e9liorer la qualit\u00e9 et l\u2019efficacit\u00e9 de l\u2019aide fournie. Elle renforce aussi le principe de redevabilit\u00e9 envers les communaut\u00e9s et les personnes touch\u00e9es par une crise, le personnel, les donateurs, les gouvernements et autres parties prenantes.<\/p>\n\n\t\t\t<\/div>\n\t\t\t\t<div uk-grid=\"masonry: true\" class=\"uk-grid uk-child-width-1-2@s uk-child-width-1-3@m uk-grid-match\">\n\t\t\t\t\t\t\t\t<div class=\"headshot-cards \" >\n\t\t<div class=\"uk-card uk-card-default card bg--light\">\n\t\t\t\t\t\t<div class=\"uk-card-body\">\n\t\t\t\t<ul class=\"icon-tab uk-grid uk-grid-small\" uk-grid>\n\t\t\t\t\t\t\t\t\t\t\t<li>\n\t\t\t\t\t\t\t<img style=\"height: 50px; width: auto;\" src=https:\/\/hspstandards.org\/app\/uploads\/2022\/07\/foundations-read-chs-27.svg alt=\"Core Humanitarian Standard icon (purple)\">\n\t\t\t\t\t\t<\/li>\n\t\t\t\t\t\t\t\t\t<\/ul>\n\t\t\t\t\t\t\t\t<div class=\"richtext-content uk-margin-small-top\">\n\t\t\t\t\t<p><a href=\"https:\/\/handbook.hspstandards.org\/fr\/sphere\/#ch005\"><strong>Lire la CHS en ligne<\/strong><\/a> par le biais du manuel interactif.<\/p>\n\n\t\t\t\t<\/div>\n\t\t\t\t<div class=\"buttons-section\">\n\t\t\t\t\t<div class=\"cta-button\">\n\t\t\t\t\t\t\t\t\t\t\t\t\t\t\t\t\t<\/div>\n\t\t\t\t\t<div class=\"cta-button\">\n\t\t\t\t\t\t\t\t\t\t\t\t\t\t\t\t\t<\/div>\n\t\t\t\t\t<div class=\"cta-button\">\n\t\t\t\t\t\t\t\t\t\t\t\t\t\t\t\t\t<\/div>\n\t\t\t\t<\/div>\n\t\t\t<\/div>\n\t\t<\/div>\n\t<\/div>\n\n\n\t\t\t\t\t\t\t\t<div class=\"headshot-cards \" >\n\t\t<div class=\"uk-card uk-card-default card bg--light\">\n\t\t\t\t\t\t<div class=\"uk-card-body\">\n\t\t\t\t<ul class=\"icon-tab uk-grid uk-grid-small\" uk-grid>\n\t\t\t\t\t\t\t\t\t\t\t<li>\n\t\t\t\t\t\t\t<img style=\"height: 275px; width: auto;\" src=https:\/\/hspstandards.org\/app\/uploads\/2024\/04\/FR_CHS_flower_RGB.svg alt=\"\">\n\t\t\t\t\t\t<\/li>\n\t\t\t\t\t\t\t\t\t<\/ul>\n\t\t\t\t\t\t\t\t<div class=\"richtext-content uk-margin-small-top\">\n\t\t\t\t\t<p><a href=\"https:\/\/corehumanitarianstandard.org\/\"><strong>En apprendre plus sur la CHS<\/strong><\/a> par le biais du site web d\u00e9di\u00e9.<\/p>\n\n\t\t\t\t<\/div>\n\t\t\t\t<div class=\"buttons-section\">\n\t\t\t\t\t<div class=\"cta-button\">\n\t\t\t\t\t\t\t\t\t\t\t\t\t\t\t\t\t<\/div>\n\t\t\t\t\t<div class=\"cta-button\">\n\t\t\t\t\t\t\t\t\t\t\t\t\t\t\t\t\t<\/div>\n\t\t\t\t\t<div class=\"cta-button\">\n\t\t\t\t\t\t\t\t\t\t\t\t\t\t\t\t\t<\/div>\n\t\t\t\t<\/div>\n\t\t\t<\/div>\n\t\t<\/div>\n\t<\/div>\n\n\n\t\t\t\t\t\t\t\t<div class=\"headshot-cards \" >\n\t\t<div class=\"uk-card uk-card-default card bg--light\">\n\t\t\t\t\t\t<div class=\"uk-card-body\">\n\t\t\t\t<ul class=\"icon-tab uk-grid uk-grid-small\" uk-grid>\n\t\t\t\t\t\t\t\t\t\t\t<li>\n\t\t\t\t\t\t\t<img style=\"height: 50px; width: auto;\" src=https:\/\/hspstandards.org\/app\/uploads\/2022\/07\/sphere50.png alt=\"Sphere logo\">\n\t\t\t\t\t\t<\/li>\n\t\t\t\t\t\t\t\t\t\t\t<li>\n\t\t\t\t\t\t\t<img style=\"height: 50px; width: auto;\" src=https:\/\/hspstandards.org\/app\/uploads\/2022\/07\/chs50.png alt=\"CHS Alliance logo\">\n\t\t\t\t\t\t<\/li>\n\t\t\t\t\t\t\t\t\t\t\t<li>\n\t\t\t\t\t\t\t<img style=\"height: 50px; width: auto;\" src=https:\/\/hspstandards.org\/app\/uploads\/2022\/07\/urd50.png alt=\"Groupe URD logo\">\n\t\t\t\t\t\t<\/li>\n\t\t\t\t\t\t\t\t\t<\/ul>\n\t\t\t\t\t\t\t\t<div class=\"richtext-content uk-margin-small-top\">\n\t\t\t\t\t<p>En savoir plus sur les trois gardiens de la CHS\u00a0:\u00a0<a href=\"https:\/\/spherestandards.org\/fr\/\"><strong>Sph\u00e8re<\/strong><\/a>, <a href=\"https:\/\/chsalliance.org\/\"><strong>CHS Alliance<\/strong><\/a> et le <a href=\"https:\/\/www.urd.org\/fr\/\"><strong>Groupe\u00a0URD<\/strong><\/a>.<\/p>\n\n\t\t\t\t<\/div>\n\t\t\t\t<div class=\"buttons-section\">\n\t\t\t\t\t<div class=\"cta-button\">\n\t\t\t\t\t\t\t\t\t\t\t\t\t\t\t\t\t<\/div>\n\t\t\t\t\t<div class=\"cta-button\">\n\t\t\t\t\t\t\t\t\t\t\t\t\t\t\t\t\t<\/div>\n\t\t\t\t\t<div class=\"cta-button\">\n\t\t\t\t\t\t\t\t\t\t\t\t\t\t\t\t\t<\/div>\n\t\t\t\t<\/div>\n\t\t\t<\/div>\n\t\t<\/div>\n\t<\/div>\n\n\n\t\t\t\t\t<\/div>\n\t<\/div>\n<\/div>\n\n\n\t\t\t","protected":false},"excerpt":{"rendered":"","protected":false},"author":1,"featured_media":0,"parent":0,"menu_order":0,"comment_status":"closed","ping_status":"closed","template":"","meta":{"_acf_changed":false,"footnotes":""},"class_list":["post-3508","page","type-page","status-publish","hentry"],"acf":[],"_links":{"self":[{"href":"https:\/\/hspstandards.org\/fr\/wp-json\/wp\/v2\/pages\/3508","targetHints":{"allow":["GET"]}}],"collection":[{"href":"https:\/\/hspstandards.org\/fr\/wp-json\/wp\/v2\/pages"}],"about":[{"href":"https:\/\/hspstandards.org\/fr\/wp-json\/wp\/v2\/types\/page"}],"author":[{"embeddable":true,"href":"https:\/\/hspstandards.org\/fr\/wp-json\/wp\/v2\/users\/1"}],"replies":[{"embeddable":true,"href":"https:\/\/hspstandards.org\/fr\/wp-json\/wp\/v2\/comments?post=3508"}],"version-history":[{"count":18,"href":"https:\/\/hspstandards.org\/fr\/wp-json\/wp\/v2\/pages\/3508\/revisions"}],"predecessor-version":[{"id":5241,"href":"https:\/\/hspstandards.org\/fr\/wp-json\/wp\/v2\/pages\/3508\/revisions\/5241"}],"wp:attachment":[{"href":"https:\/\/hspstandards.org\/fr\/wp-json\/wp\/v2\/media?parent=3508"}],"curies":[{"name":"wp","href":"https:\/\/api.w.org\/{rel}","templated":true}]}}