{"id":3730,"date":"2022-09-29T14:35:18","date_gmt":"2022-09-29T14:35:18","guid":{"rendered":"https:\/\/hspstandards.org\/wp\/hsp-animated-video-transcript\/"},"modified":"2023-03-10T07:54:55","modified_gmt":"2023-03-10T07:54:55","slug":"transcription-de-la-video-animee-du-hsp","status":"publish","type":"page","link":"https:\/\/hspstandards.org\/fr\/transcription-de-la-video-animee-du-hsp\/","title":{"rendered":"Transcription de la vid\u00e9o anim\u00e9e du HSP"},"content":{"rendered":"<div class=\"single-column-text uk-width-1-1 padding remove-\" >\n  <div class=\"content-wrapper standard\">\n    <h1 class=\"uk-text-center main-header uk-margin-medium-bottom\"> Transcription de la vid\u00e9o anim\u00e9e de HSP <\/h1>\n    <div class=\"richtext-content\">\n            <p><strong>Que sont les standards humanitaires ?<\/strong><\/p>\n<p>Que sont les standards humanitaires ?<\/p>\n<p>Les d\u00e9sastres et les crises ont un impact direct sur la vie des populations.<\/p>\n<p>Elles peuvent perdre leur maison, \u00eatre d\u00e9plac\u00e9es, perdre leur travail, leurs moyens de subsistance ou leurs animaux.<\/p>\n<p>Elles ont besoin d\u2019eau propre, de nourriture, d&#8217;abris.<\/p>\n<p>Certaines peuvent tomber malades, ou \u00eatre bless\u00e9es.<\/p>\n<p>Les \u00e9coles peuvent \u00eatre d\u00e9truites, les familles s\u00e9par\u00e9es, et les march\u00e9s perturb\u00e9s.<\/p>\n<p>Pendant les crises, les populations ont le droit de recevoir aide et protection.<\/p>\n<p>Elles ont le droit de vivre dans la dignit\u00e9.<\/p>\n<p>Les standards humanitaires traduisent ces droits en actions concr\u00e8tes visant \u00e0 soutenir les filles et les gar\u00e7ons, les femmes et les hommes, peu importe leur \u00e2ge ou leurs capacit\u00e9s.<\/p>\n<p>Les personnes qui interviennent lors de crises peuvent utiliser ces standards pour identifier les besoins et d\u00e9cider quoi faire.<\/p>\n<p>Les personnes touch\u00e9es peuvent les interroger pour comprendre leurs droits.<\/p>\n<p>Il y a 20 ans, Sph\u00e8re a \u00e9labor\u00e9 des standards minimum dans quatre secteurs vitaux : l\u2019eau, l\u2019alimentation, les abris et la sant\u00e9.<\/p>\n<p>D\u2019autres standards sont venus s\u2019ajouter, avec le temps, suivant l\u2019approche de Sph\u00e8re et reposant sur les m\u00eames bases.<\/p>\n<p>Ces standards couvrent l&#8217;\u00e9ducation, l\u2019\u00e9levage, le rel\u00e8vement \u00e9conomique, la protection de l\u2019enfance, l\u2019analyse de march\u00e9 et l\u2019inclusion des personnes \u00e2g\u00e9es et en situation de handicap.<\/p>\n<p>Mais les vies de ces personnes ne sont pas cloisonn\u00e9es.<\/p>\n<p>Donc pour les soutenir de la meilleure mani\u00e8re possible, et encourager la collaboration, la coordination et l\u2019apprentissage transversaux, nous avons cr\u00e9\u00e9 le Partenariat pour les standards humanitaires.<\/p>\n<p>Tous les standards sont ancr\u00e9s dans la Charte humanitaire, et soutenus par les Principes de protection et la Norme humanitaire fondamentale.<\/p>\n<p>En comprenant l\u2019approche et la logique de l\u2019un des manuels, vous saurez tous les utiliser, quel que soit le contexte.<\/p>\n<p>Pour \u00e9laborer et r\u00e9viser ces standards, des milliers de personnes dans le monde ont apport\u00e9 leurs connaissances, leur exp\u00e9rience et leur savoir-faire.<\/p>\n<p>Vous pouvez utiliser les standards humanitaires de tr\u00e8s nombreuses mani\u00e8res, par exemple pour comprendre les besoins et prioriser les actions, conjointement ; pour collaborer avec des gouvernements, des communaut\u00e9s et des partenaires \u00e0 la conception, la mise en \u0153uvre et l&#8217;am\u00e9lioration d&#8217;une intervention ; pour mesure l\u2019efficacit\u00e9 d&#8217;un programme et prendre des mesures pour ne laisser personne pour compte ; ou pour la pr\u00e9paration avant le d\u00e9clenchement d\u2019une crise.<\/p>\n<p>Ces standards sont ais\u00e9ment accessibles dans de tr\u00e8s nombreuses langues et formats : en PDF, en ligne, en exemplaire papier et sous forme d\u2019appli.<\/p>\n<p>Ils sont gratuits, et disponibles pour tout le monde.<\/p>\n<p>Les crises humanitaires sont plus fr\u00e9quentes aujourd\u2019hui, affectant les vies de davantage de personnes, pendant plus longtemps.<\/p>\n<p>Les standards humanitaires vous aident \u00e0 mettre de l\u2019ordre dans le chaos et \u00e0 mettre l\u2019accent l\u00e0 o\u00f9 l\u2019aide est la plus n\u00e9cessaire.<\/p>\n<p>Vivre dans la dignit\u00e9 est un droit pour tout le monde.<\/p>\n\n    <\/div>\n  <\/div>\n<\/div>\n","protected":false},"excerpt":{"rendered":"","protected":false},"author":1,"featured_media":0,"parent":0,"menu_order":0,"comment_status":"closed","ping_status":"closed","template":"","meta":{"_acf_changed":false,"footnotes":""},"class_list":["post-3730","page","type-page","status-publish","hentry"],"acf":[],"_links":{"self":[{"href":"https:\/\/hspstandards.org\/fr\/wp-json\/wp\/v2\/pages\/3730","targetHints":{"allow":["GET"]}}],"collection":[{"href":"https:\/\/hspstandards.org\/fr\/wp-json\/wp\/v2\/pages"}],"about":[{"href":"https:\/\/hspstandards.org\/fr\/wp-json\/wp\/v2\/types\/page"}],"author":[{"embeddable":true,"href":"https:\/\/hspstandards.org\/fr\/wp-json\/wp\/v2\/users\/1"}],"replies":[{"embeddable":true,"href":"https:\/\/hspstandards.org\/fr\/wp-json\/wp\/v2\/comments?post=3730"}],"version-history":[{"count":6,"href":"https:\/\/hspstandards.org\/fr\/wp-json\/wp\/v2\/pages\/3730\/revisions"}],"predecessor-version":[{"id":4104,"href":"https:\/\/hspstandards.org\/fr\/wp-json\/wp\/v2\/pages\/3730\/revisions\/4104"}],"wp:attachment":[{"href":"https:\/\/hspstandards.org\/fr\/wp-json\/wp\/v2\/media?parent=3730"}],"curies":[{"name":"wp","href":"https:\/\/api.w.org\/{rel}","templated":true}]}}