{"id":3740,"date":"2022-10-20T06:47:58","date_gmt":"2022-10-20T06:47:58","guid":{"rendered":"https:\/\/hspstandards.org\/wp\/accessibility\/"},"modified":"2023-03-08T20:05:21","modified_gmt":"2023-03-08T20:05:21","slug":"accessibilite","status":"publish","type":"page","link":"https:\/\/hspstandards.org\/fr\/accessibilite\/","title":{"rendered":"Accessibilit\u00e9"},"content":{"rendered":"<div class=\"uk-width-1-1 header-banner padding remove-top-bottom\">\n    <div class=\"header-banner-img\">\n        <img decoding=\"async\" src=\"https:\/\/hspstandards.org\/app\/uploads\/2022\/11\/Sphere_Accessibility_1920x534.jpg\" alt=\"Dessin de quatre personnes. Elles ont un ordinateur de bureau, un portable, un t\u00e9l\u00e9phone portable et une tablette. L\u2019une d\u2019elles a des \u00e9couteurs sur les oreilles.\"\">\n    <\/div>\n            <h1 class=\"sr-only uk-position-absolute\">Humanitarian Standards Partnership<\/h1>\n    <div class=\"content-wrapper\">\n        <div class=\"current-page\">\n            <span class=\"home-title\">Accueil<\/span> \/ Accessibilit\u00e9\n        <\/div>\n    <\/div>\n    <\/div>\n\n<div class=\"single-column-text uk-width-1-1 padding remove-bottom\" >\n  <div class=\"content-wrapper standard\">\n    <h1 class=\"uk-text-center main-header uk-margin-medium-bottom\"> D\u00e9claration d\u2019accessibilit\u00e9 au site web <\/h1>\n    <div class=\"richtext-content\">\n            <p>L\u2019une des principales convictions de Sph\u00e8re est que l\u2019inclusion, et la participation, des personnes touch\u00e9es par une crise sont indispensables \u00e0 la vie dans la dignit\u00e9. Et que pour que tout le monde puisse participer, les documents, outils et services \u2013 notamment ceux que Sph\u00e8re fournit \u2013 doivent \u00eatre accessibles.<\/p>\n<p>Depuis plus de 20\u00a0ans, Sph\u00e8re d\u00e9ploie des efforts consid\u00e9rables pour assurer l\u2019accessibilit\u00e9 de ses produits et ses services\u00a0: elle veille \u00e0 ce qu\u2019ils soient disponibles gratuitement, et faciles \u00e0 comprendre et \u00e0 utiliser par tout le monde. (En savoir plus \u00e0 ce propos\u00a0: <a href=\"https:\/\/spherestandards.org\/fr\/sphere-prend-les-devants-en-matiere-daccessibilite\/\"><strong>Sph\u00e8re prend les devants en mati\u00e8re d\u2019accessibilit\u00e9<\/strong><\/a>.)<\/p>\n<p>Quinze pour cent de la population mondiale, soit environ 1,3\u00a0milliard de personnes, vivent avec une forme ou une autre de handicap.<\/p>\n<p>Les <a href=\"https:\/\/www.w3.org\/Translations\/NOTE-UNDERSTANDING-WCAG20-fr\/NOTE-UNDERSTANDING-WCAG20-fr-20110706\/\"><strong>R\u00e8gles pour l\u2019accessibilit\u00e9 des contenus Web<\/strong><\/a> (WCAG) ont \u00e9t\u00e9 r\u00e9dig\u00e9es par <a href=\"https:\/\/www.w3.org\/\"><strong>W3C<\/strong><\/a> en vue de permettre une plus grande accessibilit\u00e9 et une meilleure utilisabilit\u00e9 de la technologie, dont les contenus en ligne, par les personnes en situation de handicap. Sph\u00e8re vise \u00e0 atteindre <a href=\"https:\/\/www.w3.org\/Translations\/WCAG21-fr\/\"><strong>le niveau AAA de la certification WCAG\u00a02.1<\/strong><\/a>, le niveau le plus \u00e9lev\u00e9 d\u2019exigences en la mati\u00e8re.<\/p>\n<p>En\u00a02022, Sph\u00e8re a collabor\u00e9 \u00e9troitement avec BarrierBreak (<a href=\"http:\/\/www.barrierbreak.com\/\"><strong>www.barrierbreak.com<\/strong><\/a>), une tierce partie v\u00e9rificatrice de l\u2019accessibilit\u00e9, lors de la conception et la construction du site du Partenariat pour les standards humanitaires (HSP). Sans pouvoir garantir que le site soit accessible \u00e0 tous les types, degr\u00e9s et situations de handicap, Sph\u00e8re a n\u00e9anmoins pu r\u00e9pondre \u00e0 la quasi-totalit\u00e9 des probl\u00e8mes soulev\u00e9s lors de l\u2019audit pr\u00e9alable au lancement du site. Et Sph\u00e8re s\u2019engage \u00e0 garantir un niveau \u00e9lev\u00e9 d\u2019accessibilit\u00e9 \u00e0 chacune des mises \u00e0 jour et tous les ajouts de contenus sur son site.<\/p>\n<p>Le site web du HSP inclut de nombreux liens vers les sites web des partenaires du HSP. Sph\u00e8re ne peut garantir l\u2019accessibilit\u00e9 des sites partenaires, mais son parcours d\u2019inclusion des situations de handicap se poursuit et, dans ce cadre, Sph\u00e8re accompagne ses partenaires, notamment ceux du HSP, dans la prestation de plateformes et de contenus accessibles.<\/p>\n<p>Si ce site, ou tout \u00e9l\u00e9ment de son contenu, pr\u00e9sente des lacunes en mati\u00e8re d\u2019accessibilit\u00e9, merci de nous le faire savoir en nous \u00e9crivant \u00e0 <a href=\"mailto:accessibility@spherestandards.org\"><strong>accessibility@spherestandards.org<\/strong><\/a>.<\/p>\n<p>Derni\u00e8re mise \u00e0 jour : octobre 2022 (traduction en f\u00e9vrier 2023)<\/p>\n\n    <\/div>\n  <\/div>\n<\/div>\n","protected":false},"excerpt":{"rendered":"","protected":false},"author":4,"featured_media":0,"parent":0,"menu_order":0,"comment_status":"closed","ping_status":"closed","template":"","meta":{"_acf_changed":false,"footnotes":""},"class_list":["post-3740","page","type-page","status-publish","hentry"],"acf":[],"_links":{"self":[{"href":"https:\/\/hspstandards.org\/fr\/wp-json\/wp\/v2\/pages\/3740","targetHints":{"allow":["GET"]}}],"collection":[{"href":"https:\/\/hspstandards.org\/fr\/wp-json\/wp\/v2\/pages"}],"about":[{"href":"https:\/\/hspstandards.org\/fr\/wp-json\/wp\/v2\/types\/page"}],"author":[{"embeddable":true,"href":"https:\/\/hspstandards.org\/fr\/wp-json\/wp\/v2\/users\/4"}],"replies":[{"embeddable":true,"href":"https:\/\/hspstandards.org\/fr\/wp-json\/wp\/v2\/comments?post=3740"}],"version-history":[{"count":2,"href":"https:\/\/hspstandards.org\/fr\/wp-json\/wp\/v2\/pages\/3740\/revisions"}],"predecessor-version":[{"id":3745,"href":"https:\/\/hspstandards.org\/fr\/wp-json\/wp\/v2\/pages\/3740\/revisions\/3745"}],"wp:attachment":[{"href":"https:\/\/hspstandards.org\/fr\/wp-json\/wp\/v2\/media?parent=3740"}],"curies":[{"name":"wp","href":"https:\/\/api.w.org\/{rel}","templated":true}]}}